{"id":784,"date":"2020-03-21T12:27:02","date_gmt":"2020-03-21T12:27:02","guid":{"rendered":"http:\/\/ozelhukukburosu.com\/?page_id=784"},"modified":"2020-03-21T12:27:03","modified_gmt":"2020-03-21T12:27:03","slug":"is-hukuku","status":"publish","type":"page","link":"https:\/\/ozelhukukburosu.com\/?page_id=784","title":{"rendered":"\u0130\u015e HUKUKU"},"content":{"rendered":"<p>\u0130\u015f Hukuku, i\u015f\u00e7i ve i\u015fveren ve bunlar\u0131n devletle olan ili\u015fkilerinin d\u00fczenleyen hukuk dal\u0131d\u0131r. \u0130\u015f Hukuku yaln\u0131z hizmet akdinden do\u011fan ve ba\u011f\u0131ml\u0131 (tabi) hizmet y\u00fck\u00fcml\u00fcl\u00fc\u011f\u00fc i\u00e7indeki ili\u015fkileri konu al\u0131r. \u0130\u015f Hukukunda yo\u011fun bir devlet m\u00fcdahalesi bulunmak durumundad\u0131r. \u0130\u015f hukukunda i\u015f\u00e7i lehine yorum prensibi vard\u0131r ve i\u015f\u00e7inin korunmas\u0131 esast\u0131r.<\/p>\n<p>\u0130\u015f\u00e7iyle i\u015fveren aras\u0131nda kar\u015f\u0131l\u0131kl\u0131 edimlere dayal\u0131 bir i\u015f ili\u015fkisi kurulur. \u0130\u015f\u00e7inin i\u015fveren kar\u015f\u0131s\u0131ndaki g\u00fc\u00e7s\u00fczl\u00fc\u011f\u00fc ve ba\u011f\u0131ml\u0131l\u0131\u011f\u0131 nedeniyle, eme\u011finin s\u00f6m\u00fcr\u00fclmesinin ve hakk\u0131n\u0131n ihlal edilmesinin \u00f6n\u00fcne ge\u00e7ilmesi amac\u0131yla kanuni d\u00fczenlemeler yap\u0131lm\u0131\u015ft\u0131r.<\/p>\n<p>\u0130\u015f Hukuku, \u0130\u015f\u00e7i ve i\u015fverenin, \u00e7al\u0131\u015fma hayat\u0131nda kar\u015f\u0131l\u0131kl\u0131 ili\u015fkilerinin d\u00fczenlenmesinde devletin m\u00fcdahil olmas\u0131 nedeniyle sadece hizmet s\u00f6zle\u015fmesinin taraflar\u0131 aras\u0131ndaki ili\u015fki de\u011fil, taraflar\u0131n her birinin \u00fcye olabilecekleri \u00f6rg\u00fctler ve toplu i\u015f s\u00f6zle\u015fme ve m\u00fccadelesini de kapsar. \u0130\u015f hukuku alan\u0131na giren uyu\u015fmazl\u0131klar\u0131n \u00e7\u00f6z\u00fcm\u00fcnde \u0130\u015f Mahkemeleri yetkili ve g\u00f6revlidir.<\/p>\n<p>Kanuna, bireysel veya toplu i\u015f s\u00f6zle\u015fmesine dayanan i\u015f\u00e7i veya i\u015fveren alaca\u011f\u0131 ve tazminat\u0131 ile i\u015fe iade talebiyle a\u00e7\u0131lan davalarda, arabulucuya ba\u015fvurulmu\u015f olmas\u0131 dava \u015fart\u0131d\u0131r. Buna ra\u011fmen Arabulucuya ba\u015fvurulmadan dava a\u00e7\u0131ld\u0131\u011f\u0131n\u0131n anla\u015f\u0131lmas\u0131 h\u00e2linde Mahkemelerce herhangi bir i\u015flem yap\u0131lmaks\u0131z\u0131n davan\u0131n, dava \u015fart\u0131 yoklu\u011fu sebebiyle usulden reddine karar verilir. \u0130\u015f kazas\u0131 veya meslek hastal\u0131\u011f\u0131ndan kaynaklanan maddi ve manevi tazminat ile bunlarla ilgili tespit, itiraz ve r\u00fccu davalar\u0131nda arabulucuya ba\u015fvuru dava \u015fart\u0131 de\u011fildir.<\/p>\n<p>5510 say\u0131l\u0131 Sosyal Sigortalar ve Genel Sa\u011fl\u0131k Sigortas\u0131 Kanunu ile di\u011fer sosyal g\u00fcvenlik mevzuat\u0131ndan kaynaklanan uyu\u015fmazl\u0131klarda, hizmet akdine tabi \u00e7al\u0131\u015fmalar\u0131 nedeniyle zorunlu sigortal\u0131l\u0131k s\u00fcrelerinin tespiti talepleri hari\u00e7 olmak \u00fczere, dava a\u00e7\u0131lmadan \u00f6nce Sosyal G\u00fcvenlik Kurumuna ba\u015fvurulmas\u0131 zorunludur.<\/p>\n","protected":false},"excerpt":{"rendered":"<p>\u0130\u015f Hukuku, i\u015f\u00e7i ve i\u015fveren ve bunlar\u0131n devletle olan ili\u015fkilerinin d\u00fczenleyen hukuk dal\u0131d\u0131r. \u0130\u015f Hukuku yaln\u0131z hizmet akdinden do\u011fan ve ba\u011f\u0131ml\u0131 (tabi) hizmet y\u00fck\u00fcml\u00fcl\u00fc\u011f\u00fc i\u00e7indeki ili\u015fkileri konu al\u0131r. \u0130\u015f Hukukunda yo\u011fun bir devlet m\u00fcdahalesi bulunmak durumundad\u0131r. \u0130\u015f hukukunda i\u015f\u00e7i lehine yorum prensibi vard\u0131r ve i\u015f\u00e7inin korunmas\u0131 esast\u0131r. \u0130\u015f\u00e7iyle i\u015fveren aras\u0131nda kar\u015f\u0131l\u0131kl\u0131 edimlere dayal\u0131 bir i\u015f&#8230;<\/p>\n","protected":false},"author":1,"featured_media":0,"parent":0,"menu_order":0,"comment_status":"closed","ping_status":"closed","template":"","meta":{"_kad_post_transparent":"","_kad_post_title":"","_kad_post_layout":"","_kad_post_sidebar_id":"","_kad_post_content_style":"","_kad_post_vertical_padding":"","_kad_post_feature":"","_kad_post_feature_position":"","_kad_post_header":false,"_kad_post_footer":false,"_kad_post_classname":"","footnotes":""},"class_list":["post-784","page","type-page","status-publish","hentry"],"_links":{"self":[{"href":"https:\/\/ozelhukukburosu.com\/index.php?rest_route=\/wp\/v2\/pages\/784","targetHints":{"allow":["GET"]}}],"collection":[{"href":"https:\/\/ozelhukukburosu.com\/index.php?rest_route=\/wp\/v2\/pages"}],"about":[{"href":"https:\/\/ozelhukukburosu.com\/index.php?rest_route=\/wp\/v2\/types\/page"}],"author":[{"embeddable":true,"href":"https:\/\/ozelhukukburosu.com\/index.php?rest_route=\/wp\/v2\/users\/1"}],"replies":[{"embeddable":true,"href":"https:\/\/ozelhukukburosu.com\/index.php?rest_route=%2Fwp%2Fv2%2Fcomments&post=784"}],"version-history":[{"count":1,"href":"https:\/\/ozelhukukburosu.com\/index.php?rest_route=\/wp\/v2\/pages\/784\/revisions"}],"predecessor-version":[{"id":785,"href":"https:\/\/ozelhukukburosu.com\/index.php?rest_route=\/wp\/v2\/pages\/784\/revisions\/785"}],"wp:attachment":[{"href":"https:\/\/ozelhukukburosu.com\/index.php?rest_route=%2Fwp%2Fv2%2Fmedia&parent=784"}],"curies":[{"name":"wp","href":"https:\/\/api.w.org\/{rel}","templated":true}]}}