{"id":782,"date":"2020-03-21T12:23:07","date_gmt":"2020-03-21T12:23:07","guid":{"rendered":"http:\/\/ozelhukukburosu.com\/?page_id=782"},"modified":"2020-03-21T12:23:07","modified_gmt":"2020-03-21T12:23:07","slug":"icra-iflas-hukuku","status":"publish","type":"page","link":"https:\/\/ozelhukukburosu.com\/?page_id=782","title":{"rendered":"\u0130CRA \u0130FLAS HUKUKU"},"content":{"rendered":"<p>\u0130cra ifl\u00e2s hukuku, di\u011fer bir deyi\u015fle; \u201ccebri icra hukuku\u201d veya \u201ctakip hukuku\u201d<\/p>\n<p>Bor\u00e7lu borcunu kendili\u011finden yerine getirirse bir zorlamada (cebir) bulunmaya gereksinim duyulmaz. Fakat yerine getirmeme halinde alacakl\u0131n\u0131n <strong>hakk\u0131n\u0131 bizzat almas\u0131<\/strong> yetkisi yoktur. Bizzat hak alma, Hukuk devletinde yasaklanm\u0131\u015ft\u0131r. Cebri icra hukuku zor kullanma yetkisini sadece devlete tan\u0131m\u0131\u015ft\u0131r. \u00d6zel hukukta hakk\u0131n aranmas\u0131 devletin kurdu\u011fu icra\u00a0ve iflas\u00a0daireleri arac\u0131l\u0131\u011f\u0131 ile olur. Bunlar \u0130cra ve \u0130flas Kanunu h\u00fck\u00fcmlerine g\u00f6re kurulmu\u015ftur. Nitekim, \u0130\u0130K. 1 ve 2 maddelerine g\u00f6re her asliye hukuk mahkemesinin yarg\u0131\u00a0\u00e7evresinde yeteri kadar icra ve iflas dairesi bulunur. \u0130cra ve ifl\u00e2s dairelerinin muamelelerine kar\u015f\u0131 yap\u0131lan \u015fik\u00e2yetlerle itirazlar\u0131n incelenmesi icra mahkemesi h\u00e2kimi yahut kanun gere\u011fince bu g\u00f6rev kendisine verilmi\u015f olan h\u00e2kim taraf\u0131ndan yap\u0131l\u0131r.<\/p>\n<p>Devlet, cebri icra organlar\u0131nca alacakl\u0131n\u0131n alaca\u011f\u0131na kavu\u015fmas\u0131 i\u00e7in bor\u00e7lunun mallar\u0131na el koyar, mallar\u0131 sat\u0131l\u0131r, elde edilen para ile alacakl\u0131 alaca\u011f\u0131na kavu\u015fur. \u0130cran\u0131n konusu kural olarak bor\u00e7lunun \u015fahs\u0131 de\u011fil, malvarl\u0131\u011f\u0131d\u0131r. \u0130stisnaen \u015fahsa kar\u015f\u0131 da zor kullan\u0131lmas\u0131 s\u00f6z konusu olabilmektedir.<\/p>\n<p>\u0130cra yolu ile bor\u00e7lunun borcunu yerine getirmesini sa\u011flamak i\u00e7in \u015fu ko\u015fullar gereklidir:<\/p>\n<p><strong>1) <\/strong>Alacakl\u0131\u00a0icray\u0131 talep etmelidir. \u0130cra \u0130flas Kanunu, ilaml\u0131 takip\u00a0(m.24 vd.) ile ilams\u0131z takip\u00a0(m. 42 vd.) ve bir de rehinin paraya \u00e7evrilmesi yoluyla takip\u00a0(m. 145 vd.) yollar\u0131n\u0131 d\u00fczenlemi\u015ftir.<\/p>\n<p><strong>2) <\/strong>Bor\u00e7lunun borcunu ifa etmemi\u015f olmas\u0131 gerekir. Bor\u00e7\u00a0yerine getirilmi\u015fse icran\u0131n m\u00fcdahalesi\u00a0esasen s\u00f6z konusu olamaz.<\/p>\n<p><strong>3) <\/strong>Alaca\u011f\u0131n, icra\u00a0taraf\u0131ndan infaz edilmeye olanak tan\u0131yabilecek bir belgeye dayanmas\u0131 gereklidir. Bu hususta bir ayr\u0131m yapmak zorunlulu\u011fu vard\u0131r: Konusu paradan ba\u015fka olan alacaklar\u0131n bir mahkeme <strong>ilam\u0131<\/strong>\u00a0ile saptanm\u0131\u015f olmas\u0131 gereklidir. Mahkeme h\u00fckm\u00fc ile kesinle\u015fmemi\u015f bu t\u00fcr iddialar\u0131n icra yolu\u00a0ile yerine getirilmesinin istenmesi olanakl\u0131 de\u011fildir. Para alacaklar\u0131n\u0131n icra yolu ile ifas\u0131n\u0131 talep edebilmek i\u00e7in bir mahkeme ilam\u0131na gereksinim yoktur. Alacakl\u0131, elinde hi\u00e7bir kan\u0131tlay\u0131c\u0131 belge olmadan bile para alaca\u011f\u0131n\u0131n\u00a0icra yolu ile \u00f6detilmesi yoluna gidebilir. Fakat bunun anlam\u0131, icra dairesinin para alaca\u011f\u0131n\u0131n\u00a0hi\u00e7bir kan\u0131t arac\u0131na dayanmadan da \u00f6denmesi yoluna gidebilece\u011fi demek de\u011fildir. \u0130cra dairesi, bor\u00e7luya alacakl\u0131n\u0131n icra istemini bildirmek \u00fczere bir \u00f6deme emri\u00a0g\u00f6nderir ve paran\u0131n yedi g\u00fcn i\u00e7inde \u00f6denmesini ister. Bor\u00e7lu\u00a0bu s\u00fcre i\u00e7inde icra Dairesine <strong>itiraz<\/strong> edebilir.<\/p>\n<p>Talebine itiraz edilen alacakl\u0131n\u0131n takibi, imzas\u0131 ikrar veya noterlik\u00e7e tasdik edilen bor\u00e7 ikrar\u0131n\u0131 i\u00e7eren bir senede yahut resm\u00ee dairelerin veya yetkili makamlar\u0131n yetkileri dahilinde ve usul\u00fcne g\u00f6re verdikleri bir makbuz veya belgeye m\u00fcstenitse, alacakl\u0131 itiraz\u0131n kendisine tebli\u011fi tarihinden itibaren alt\u0131 ay i\u00e7inde itiraz\u0131n kald\u0131r\u0131lmas\u0131n\u0131 isteyebilir.<\/p>\n<p>Takip talebine itiraz edilen alacakl\u0131, itiraz\u0131n tebli\u011fi tarihinden itibaren bir sene i\u00e7inde mahkemeye ba\u015fvurarak, genel h\u00fck\u00fcmler dairesinde alaca\u011f\u0131n\u0131n varl\u0131\u011f\u0131n\u0131 ispat suretiyle itiraz\u0131n iptalini dava edebilir.<\/p>\n<p><strong>\u0130laml\u0131 icrada<\/strong>, mahkeme karar\u0131 ile alacakl\u0131 oldu\u011funu h\u00fck\u00fcm alt\u0131na ald\u0131ran alacakl\u0131, mahkeme h\u00fckm\u00fcn\u00fc \u201cil\u00e2m\u0131\u201d\u00a0icra takibine konu etmektedir. Alacak para alaca\u011f\u0131 olabilece\u011fi gibi ba\u015fka \u015feylerde olabilir. \u00d6rne\u011fin menkul bir mal\u0131n teslimi veya aile hukukundan do\u011fan bir bor\u00e7 olan \u00e7ocuk teslimi de il\u00e2m\u0131n konusunu te\u015fkil edebilir.<\/p>\n<p><strong>\u0130lams\u0131z icra ise<\/strong>, sadece para ve teminat alacaklar\u0131 i\u00e7in m\u00fcmk\u00fcn olan bir yoldur. Alacakl\u0131n\u0131n alaca\u011f\u0131 bir para (veya teminat) alaca\u011f\u0131 ise, alacakl\u0131 \u00f6nce mahkemede dava a\u00e7madan icra dairesine ba\u015fvurup bir il\u00e2ms\u0131z icra takibi yapabilir.<\/p>\n<p>Bir paran\u0131n \u00f6denmesine veya bir teminat\u0131n verilmesine dair olan cebri icralar takip talebiyle ba\u015flar ve haciz yoliyle veya rehnin paraya \u00e7evrilmesi yahut iflas suretiyle cereyan eder. Yabanc\u0131 devlet aleyhine ilams\u0131z takip yoluna ba\u015fvurulamaz. \u0130dari yarg\u0131n\u0131n g\u00f6rev alan\u0131na giren konularda ilams\u0131z takip yoluna ba\u015fvurulamaz.<\/p>\n<p>\u0130flasa tabi \u015fah\u0131slar hakk\u0131nda iflas yolu ile takip m\u00fcmk\u00fcn olup ticareti terk eden hakk\u0131nda da iflas yolu ile takip m\u00fcmk\u00fcnd\u00fcr. Rehinle temin edilmi\u015f bir alaca\u011f\u0131n bor\u00e7lusu iflasa tabi \u015fah\u0131slardan olsa bile alacakl\u0131 yaln\u0131z rehinin paraya \u00e7evrilmesi yoluyla takip yapabilir. Ancak rehinin tutar\u0131 borcu \u00f6deme\u011fe yetmezse alacakl\u0131 kalan alaca\u011f\u0131n\u0131 iflas veya haciz yoluyla takip edebilir. Takip di\u011fer b\u00fct\u00fcn hallerde haciz yoluyla yap\u0131l\u0131r.<\/p>\n<p>Alaca\u011f\u0131 \u00e7ek, poli\u00e7e veya emre muharrer senete m\u00fcstenit olan alacakl\u0131, alacak rehinle temin edilmi\u015f olsa bile, bu b\u00f6l\u00fcmdeki hususi usullere g\u00f6re haciz yolu ile veya bor\u00e7lu iflasa tabi \u015fah\u0131slardan ise iflas yolu ile takipte bulunabilir.<\/p>\n<p><strong>Bir ta\u015f\u0131nmaz\u0131n tahliye ve teslimine dair olan ilam,<\/strong> icra dairesine verilince icra m\u00fcd\u00fcr\u00fc 24 \u00fcnc\u00fc maddede yaz\u0131l\u0131 \u015fekilde bir icra emri tebli\u011fi suretiyle bor\u00e7luya yedi g\u00fcn i\u00e7inde h\u00fckmolunan \u015feyin teslimini emreder. Bor\u00e7lu ta\u015f\u0131nmaz\u0131 i\u015fgal etmekte iken bu emri tutmazsa, ilam\u0131n h\u00fckm\u00fc zorla icra olunur.<\/p>\n<p><strong>\u0130cra ve \u0130flas Kanunu\u2019nda d\u00fczenlenen di\u011fer kurumlar:<\/strong><\/p>\n<p><strong>1-\u0130htiyati haciz:<\/strong>\u00a0 Rehinle temin edilmemi\u015f ve vadesi gelmi\u015f bir para borcunun alacakl\u0131s\u0131, bor\u00e7lunun yedinde veya \u00fc\u00e7\u00fcnc\u00fc \u015fah\u0131sta olan ta\u015f\u0131n\u0131r ve ta\u015f\u0131nmaz mallar\u0131n\u0131 ve alacaklar\u0131yla di\u011fer haklar\u0131n\u0131 ihtiyaten haczettirebilir. Vadesi gelmemi\u015f bor\u00e7tan dolay\u0131 yaln\u0131z a\u015fa\u011f\u0131daki hallerde ihtiyati haciz istenebilir: 1 \u2013 Bor\u00e7lunun muayyen yerle\u015fim yeri yoksa; 2 \u2013 Bor\u00e7lu taahh\u00fctlerinden kurtulmak maksadiyle mallar\u0131n\u0131 gizleme\u011fe, ka\u00e7\u0131rma\u011fa veya kendisi ka\u00e7ma\u011fa haz\u0131rlan\u0131r yahut ka\u00e7ar ya da bu maksatla alacakl\u0131n\u0131n haklar\u0131n\u0131 ihl\u00e2l eden hileli i\u015flemlerde bulunursa; Bu suretle ihtiyati haciz konulursa bor\u00e7 yaln\u0131z bor\u00e7lu hakk\u0131nda muacceliyet kesbeder.\u00a0<\/p>\n<p><strong>2-Konkordato:\u00a0<\/strong>Bor\u00e7lar\u0131n\u0131, vadesi geldi\u011fi h\u00e2lde \u00f6deyemeyen veya vadesinde \u00f6deyememe tehlikesi alt\u0131nda bulunan herhangi bir bor\u00e7lu, vade verilmek veya tenzilat yap\u0131lmak suretiyle bor\u00e7lar\u0131n\u0131 \u00f6deyebilmek veya muhtemel bir ifl\u00e2stan kurtulmak i\u00e7in <strong>konkordato talep edebilir.<\/strong> \u0130fl\u00e2s talebinde bulunabilecek her alacakl\u0131, gerek\u00e7eli bir dilek\u00e7eyle, bor\u00e7lu hakk\u0131nda konkordato i\u015flemlerinin ba\u015flat\u0131lmas\u0131n\u0131 isteyebilir. Yetkili ve g\u00f6revli mahkeme; ifl\u00e2sa tabi olan bor\u00e7lu i\u00e7in 154 \u00fcnc\u00fc maddenin birinci veya ikinci f\u0131kralar\u0131nda yaz\u0131l\u0131 yerdeki, ifl\u00e2sa tabi olmayan bor\u00e7lu i\u00e7in yerle\u015fim yerindeki asliye ticaret mahkemesidir.<\/p>\n<p><strong>3-Uzla\u015fma yoluyla yeniden yap\u0131land\u0131rma:\u00a0<\/strong>Muaccel para bor\u00e7lar\u0131n\u0131 \u00f6deyemeyecek durumda olan veya mevcut ve alacaklar\u0131 bor\u00e7lar\u0131n\u0131 kar\u015f\u0131lamaya yetmeyen ya da bu hallerden birine d\u00fc\u015fme tehlikesiyle kar\u015f\u0131 kar\u015f\u0131ya kalmas\u0131 kuvvetle muhtemel olan bir sermaye \u015firketi veya kooperatif, \u00f6nceden m\u00fczakere edilmi\u015f ve projeden etkilenen alacakl\u0131lar taraf\u0131ndan gerekli \u00e7o\u011funluk sa\u011flanarak kabul edilmi\u015f olan yeniden yap\u0131land\u0131rma projesi ile birlikte, muamele merkezinin bulundu\u011fu yer asliye ticaret mahkemesine, uzla\u015fma yoluyla yeniden yap\u0131land\u0131rma i\u00e7in ba\u015fvurabilir.<\/p>\n<p><strong>4-\u0130ptal Davas\u0131:<\/strong>\u00a0bor\u00e7lunun hen\u00fcz mallar\u0131 haczedilmeden veya iflas\u0131na karar verilmeden \u00f6nceki bir d\u00f6nemde k\u00f6t\u00fc niyetli olarak yap\u0131lan tasarruflar\u0131n (mal\u0131n sat\u0131\u015f\u0131, rehin olarak verilmesi gibi) iptalini sa\u011flar. B\u00f6ylece alaca\u011f\u0131n\u0131 tam olarak elde edemeyen alacakl\u0131lar bu mallar \u00fczerinden alaca\u011f\u0131n\u0131 elde eder.<\/p>\n<p>\u0130ptal davas\u0131 ve davac\u0131lar: \u0130ptal davas\u0131ndan maksat \u0130\u0130K 278, 279 ve 280 inci maddelerde yaz\u0131l\u0131 tasarruflar\u0131n butlan\u0131na h\u00fckmettirmektir. Bu davay\u0131 a\u015fa\u011f\u0131daki \u015fah\u0131slar a\u00e7abilirler: 1 \u2013 Elinde muvakkat yahut kati aciz vesikas\u0131 bulunan her alacakl\u0131, 2 \u2013 \u0130flas idaresi yahut 245 inci maddede ve 255 inci maddenin 3 \u00fcnc\u00fc f\u0131kras\u0131nda yaz\u0131l\u0131 hallerde alacakl\u0131lar\u0131n kendileri.<\/p>\n<p><strong>Kamu Alacaklar\u0131n\u0131n Tahsili<\/strong>; Para cezasiyle di\u011fer hukuku amme bor\u00e7lar\u0131n\u0131n takibi hakk\u0131ndaki kanunlar h\u00fckm\u00fc mahfuzdur. 6183 say\u0131l\u0131 Amme Alacaklar\u0131n\u0131n Tahsili Usul\u00fc Hakk\u0131nda Kanun. \u015eukadar ki, Devletin bir akitten veya haks\u0131z bir fiilden do\u011fan alacaklar\u0131 hakk\u0131nda \u0130cra Ve \u0130flas Kanunun h\u00fck\u00fcmleri cereyan eder.<\/p>\n","protected":false},"excerpt":{"rendered":"<p>\u0130cra ifl\u00e2s hukuku, di\u011fer bir deyi\u015fle; \u201ccebri icra hukuku\u201d veya \u201ctakip hukuku\u201d Bor\u00e7lu borcunu kendili\u011finden yerine getirirse bir zorlamada (cebir) bulunmaya gereksinim duyulmaz. Fakat yerine getirmeme halinde alacakl\u0131n\u0131n hakk\u0131n\u0131 bizzat almas\u0131 yetkisi yoktur. Bizzat hak alma, Hukuk devletinde yasaklanm\u0131\u015ft\u0131r. Cebri icra hukuku zor kullanma yetkisini sadece devlete tan\u0131m\u0131\u015ft\u0131r. \u00d6zel hukukta hakk\u0131n aranmas\u0131 devletin kurdu\u011fu icra\u00a0ve&#8230;<\/p>\n","protected":false},"author":1,"featured_media":0,"parent":0,"menu_order":0,"comment_status":"closed","ping_status":"closed","template":"","meta":{"_kad_post_transparent":"","_kad_post_title":"","_kad_post_layout":"","_kad_post_sidebar_id":"","_kad_post_content_style":"","_kad_post_vertical_padding":"","_kad_post_feature":"","_kad_post_feature_position":"","_kad_post_header":false,"_kad_post_footer":false,"_kad_post_classname":"","footnotes":""},"class_list":["post-782","page","type-page","status-publish","hentry"],"_links":{"self":[{"href":"https:\/\/ozelhukukburosu.com\/index.php?rest_route=\/wp\/v2\/pages\/782","targetHints":{"allow":["GET"]}}],"collection":[{"href":"https:\/\/ozelhukukburosu.com\/index.php?rest_route=\/wp\/v2\/pages"}],"about":[{"href":"https:\/\/ozelhukukburosu.com\/index.php?rest_route=\/wp\/v2\/types\/page"}],"author":[{"embeddable":true,"href":"https:\/\/ozelhukukburosu.com\/index.php?rest_route=\/wp\/v2\/users\/1"}],"replies":[{"embeddable":true,"href":"https:\/\/ozelhukukburosu.com\/index.php?rest_route=%2Fwp%2Fv2%2Fcomments&post=782"}],"version-history":[{"count":1,"href":"https:\/\/ozelhukukburosu.com\/index.php?rest_route=\/wp\/v2\/pages\/782\/revisions"}],"predecessor-version":[{"id":783,"href":"https:\/\/ozelhukukburosu.com\/index.php?rest_route=\/wp\/v2\/pages\/782\/revisions\/783"}],"wp:attachment":[{"href":"https:\/\/ozelhukukburosu.com\/index.php?rest_route=%2Fwp%2Fv2%2Fmedia&parent=782"}],"curies":[{"name":"wp","href":"https:\/\/api.w.org\/{rel}","templated":true}]}}