{"id":780,"date":"2020-03-21T12:21:45","date_gmt":"2020-03-21T12:21:45","guid":{"rendered":"http:\/\/ozelhukukburosu.com\/?page_id=780"},"modified":"2020-03-21T12:21:45","modified_gmt":"2020-03-21T12:21:45","slug":"arabuluculuk","status":"publish","type":"page","link":"https:\/\/ozelhukukburosu.com\/?page_id=780","title":{"rendered":"ARABULUCULUK"},"content":{"rendered":"<p>Hukuk uyu\u015fmazl\u0131klar\u0131nda alternatif uyu\u015fmazl\u0131k \u00e7\u00f6z\u00fcm y\u00f6ntemlerinden biri olan arabuluculuk y\u00f6ntemi, \u00fclkemizde 22 Haziran 2012 tarihinde 6325 say\u0131l\u0131 Hukuk Uyu\u015fmazl\u0131klar\u0131nda Arabuluculuk Kanunu\u2019nun y\u00fcr\u00fcrl\u00fc\u011fe girmesi sonras\u0131nda 26 Ocak 2013 tarihinde Hukuk Uyu\u015fmazl\u0131klar\u0131nda Arabuluculuk Kanunu Y\u00f6netmeli\u011fi yay\u0131mlanmas\u0131yla uygulanmaya ba\u015flanm\u0131\u015ft\u0131r. Arabuluculuk y\u00f6nteminin hukuk sistemimizde uygulamaya konmas\u0131 yeni olmas\u0131na kar\u015f\u0131n, h\u0131zl\u0131 geli\u015fmeler katedilmi\u015ftir.<\/p>\n<p>Uyu\u015fmazl\u0131klar\u0131n \u00e7\u00f6z\u00fcm\u00fcne y\u00f6nelik bir\u00e7ok y\u00f6ntem vard\u0131r. Arabuluculuk da bu y\u00f6ntemlerden biridir. Arabuluculuk, uyu\u015fmazl\u0131klar\u0131n h\u0131zl\u0131 ve ekonomik bir \u015fekilde gizlilik esas\u0131nda bar\u0131\u015f\u00e7\u0131l olarak \u00e7\u00f6z\u00fclmesini sa\u011flamaktad\u0131r.<\/p>\n<p>Arabuluculuk, ba\u011f\u0131ms\u0131z ve tarafs\u0131z \u00fc\u00e7\u00fcnc\u00fc ki\u015fi olan arabulucu e\u015fli\u011finde taraflarca y\u00fcr\u00fct\u00fclen bir y\u00f6ntemidir. Arabuluculuk s\u00fcreci dava \u015fart\u0131 (zorunlu) arabuluculuk d\u0131\u015f\u0131nda g\u00f6n\u00fcll\u00fcl\u00fck temeline dayan\u0131r. Taraflar kendi kararlar\u0131n\u0131 kendileri verirler, son bir \u00e7\u00f6z\u00fcm \u00f6nerisi haricinde arabulucunun karar verme yetkisi yoktur.<\/p>\n<p>Arabuluculuk dava s\u00fcrecine g\u00f6re \u00f6nemli avantajlar sunmaktad\u0131r. Arabuluculuk, y\u0131llarca s\u00fcren dava yoluna g\u00f6re h\u0131zl\u0131d\u0131r. Zorunlu arabuluculuk yasal olarak zaten 3 en fazla 4 hafta i\u00e7inde tamamlanmak durumunda iken ihtiyari arabuluculuk taraflar\u0131n iradelerine g\u00f6re sonu\u00e7lanmal\u0131d\u0131r. \u00a0Buna kar\u015f\u0131l\u0131k olaylar\u0131n \u00e7o\u011funda uyu\u015fmazl\u0131klar\u0131n birka\u00e7 saat i\u00e7erisinde veya birka\u00e7 g\u00f6r\u00fc\u015fme sonunda \u00e7\u00f6z\u00fcmlendi\u011fi g\u00f6r\u00fclmektedir.<\/p>\n<p>Ayr\u0131ca arabuluculuk y\u00f6ntemi, yarg\u0131 yoluna k\u0131yasla \u00e7ok daha ekonomiktir. Zorunlu arabuluculukta taraflar anla\u015famazlarsa hi\u00e7bir \u00fccret \u00f6dememektedirler. Har\u00e7 ve ke\u015fif, bilirki\u015fi, tan\u0131k \u00fccreti gibi dava giderleri de bulunmad\u0131\u011f\u0131ndan \u00e7ok daha d\u00fc\u015f\u00fck maliyetlidir.<\/p>\n<p>Arabuluculuk olduk\u00e7a esnek bir s\u00fcre\u00e7tir. Arabulucu taraflar aras\u0131ndaki ileti\u015fimi sa\u011flar. Arabuluculuk s\u00fcrecinde taraflar kendilerini rahat\u00e7a ifade edebilir, di\u011fer taraf\u0131 dinleyip anlayabilirler. Arabuluculukta kontrol taraflardad\u0131r.<\/p>\n<p>Arabuluculuk \u00e7eki\u015fmeli olmayan bir s\u00fcre\u00e7 oldu\u011fundan taraflardan birinin kazan\u0131p di\u011ferinin kaybetmesi s\u00f6z konusu de\u011fildir, taraflar\u0131n hakl\u0131 &#8211; haks\u0131z olduklar\u0131 sorgulanmaz. Kazanan ve kaybeden yoktur, kazan kazan prensibi vard\u0131r.<\/p>\n<p>S\u00fcre\u00e7 sonunda her iki taraf\u0131n onay\u0131yla anla\u015fma yap\u0131l\u0131r. \u00a0Taraflar istedikleri an s\u00fcreci istedikleri gibi sonland\u0131rabilirler. Taraflar arabuluculuk faaliyeti sonunda bir anla\u015fmaya var\u0131rlarsa, bu anla\u015fma belgesinin icra edilebilirli\u011fine ili\u015fkin \u015ferh verilmesini talep edebilirler. Dava a\u00e7\u0131lmadan \u00f6nce arabuluculu\u011fa ba\u015fvurulmu\u015fsa, anla\u015fman\u0131n icra edilebilirli\u011fine ili\u015fkin \u015ferh verilmesi, arabulucunun g\u00f6rev yapt\u0131\u011f\u0131 yer sulh hukuk mahkemesinden talep edilebilir. Davan\u0131n g\u00f6r\u00fclmesi s\u0131ras\u0131nda arabuluculu\u011fa ba\u015fvurulmas\u0131 durumunda ise anla\u015fman\u0131n icra edilebilirli\u011fine ili\u015fkin \u015ferh verilmesi, davan\u0131n g\u00f6r\u00fcld\u00fc\u011f\u00fc mahkemeden talep edilebilir. Bu \u015ferhi i\u00e7eren anla\u015fma, ilam niteli\u011finde belge say\u0131l\u0131r. \u0130cra edilebilirlik \u015ferhinin verilmesi, \u00e7eki\u015fmesiz yarg\u0131 i\u015fidir ve buna ili\u015fkin inceleme dosya \u00fczerinden yap\u0131l\u0131r. Ancak arabuluculu\u011fa elveri\u015fli olan aile hukukuna ili\u015fkin uyu\u015fmazl\u0131klarda inceleme duru\u015fmal\u0131 olarak yap\u0131l\u0131r. Bu incelemenin kapsam\u0131 anla\u015fman\u0131n i\u00e7eri\u011finin arabuluculu\u011fa ve cebri icraya elveri\u015fli olup olmad\u0131\u011f\u0131 hususlar\u0131yla s\u0131n\u0131rl\u0131d\u0131r. Anla\u015fma belgesine icra edilebilirlik \u015ferhi verilmesi i\u00e7in mahkemeye yap\u0131lacak olan ba\u015fvuru ile bunun \u00fczerine verilecek kararlara kar\u015f\u0131 ilgili taraf\u0131ndan istinaf yoluna gidilmesi h\u00e2linde, <strong>maktu har\u00e7<\/strong> al\u0131n\u0131r. Taraflar anla\u015fma belgesini icra edilebilirlik \u015ferhi verdirmeden ba\u015fka bir resm\u00ee i\u015flemde kullanmak isterlerse, damga vergisi de <strong>maktu <\/strong>olarak al\u0131n\u0131r.<\/p>\n","protected":false},"excerpt":{"rendered":"<p>Hukuk uyu\u015fmazl\u0131klar\u0131nda alternatif uyu\u015fmazl\u0131k \u00e7\u00f6z\u00fcm y\u00f6ntemlerinden biri olan arabuluculuk y\u00f6ntemi, \u00fclkemizde 22 Haziran 2012 tarihinde 6325 say\u0131l\u0131 Hukuk Uyu\u015fmazl\u0131klar\u0131nda Arabuluculuk Kanunu\u2019nun y\u00fcr\u00fcrl\u00fc\u011fe girmesi sonras\u0131nda 26 Ocak 2013 tarihinde Hukuk Uyu\u015fmazl\u0131klar\u0131nda Arabuluculuk Kanunu Y\u00f6netmeli\u011fi yay\u0131mlanmas\u0131yla uygulanmaya ba\u015flanm\u0131\u015ft\u0131r. Arabuluculuk y\u00f6nteminin hukuk sistemimizde uygulamaya konmas\u0131 yeni olmas\u0131na kar\u015f\u0131n, h\u0131zl\u0131 geli\u015fmeler katedilmi\u015ftir. Uyu\u015fmazl\u0131klar\u0131n \u00e7\u00f6z\u00fcm\u00fcne y\u00f6nelik bir\u00e7ok y\u00f6ntem vard\u0131r. Arabuluculuk&#8230;<\/p>\n","protected":false},"author":1,"featured_media":0,"parent":0,"menu_order":0,"comment_status":"closed","ping_status":"closed","template":"","meta":{"_kad_post_transparent":"","_kad_post_title":"","_kad_post_layout":"","_kad_post_sidebar_id":"","_kad_post_content_style":"","_kad_post_vertical_padding":"","_kad_post_feature":"","_kad_post_feature_position":"","_kad_post_header":false,"_kad_post_footer":false,"_kad_post_classname":"","footnotes":""},"class_list":["post-780","page","type-page","status-publish","hentry"],"_links":{"self":[{"href":"https:\/\/ozelhukukburosu.com\/index.php?rest_route=\/wp\/v2\/pages\/780","targetHints":{"allow":["GET"]}}],"collection":[{"href":"https:\/\/ozelhukukburosu.com\/index.php?rest_route=\/wp\/v2\/pages"}],"about":[{"href":"https:\/\/ozelhukukburosu.com\/index.php?rest_route=\/wp\/v2\/types\/page"}],"author":[{"embeddable":true,"href":"https:\/\/ozelhukukburosu.com\/index.php?rest_route=\/wp\/v2\/users\/1"}],"replies":[{"embeddable":true,"href":"https:\/\/ozelhukukburosu.com\/index.php?rest_route=%2Fwp%2Fv2%2Fcomments&post=780"}],"version-history":[{"count":1,"href":"https:\/\/ozelhukukburosu.com\/index.php?rest_route=\/wp\/v2\/pages\/780\/revisions"}],"predecessor-version":[{"id":781,"href":"https:\/\/ozelhukukburosu.com\/index.php?rest_route=\/wp\/v2\/pages\/780\/revisions\/781"}],"wp:attachment":[{"href":"https:\/\/ozelhukukburosu.com\/index.php?rest_route=%2Fwp%2Fv2%2Fmedia&parent=780"}],"curies":[{"name":"wp","href":"https:\/\/api.w.org\/{rel}","templated":true}]}}