{"id":775,"date":"2020-03-21T12:18:03","date_gmt":"2020-03-21T12:18:03","guid":{"rendered":"http:\/\/ozelhukukburosu.com\/?page_id=775"},"modified":"2020-03-21T12:18:27","modified_gmt":"2020-03-21T12:18:27","slug":"spor-hukuku","status":"publish","type":"page","link":"https:\/\/ozelhukukburosu.com\/?page_id=775","title":{"rendered":"SPOR HUKUKU"},"content":{"rendered":"<p>Spor Hukuku sportif faaliyetlerle ve sportif \u00f6rg\u00fctlerle ilgili hukuk kurallar\u0131n\u0131n t\u00fcm\u00fcn\u00fc i\u00e7ine alan hukuk dal\u0131d\u0131r. Toplum ve spor, sporda hukuk\u00e7unun yeri ve \u00f6nemi, T\u00fcrkiye spor mevzuat\u0131, spor hukukundaki s\u00f6zle\u015fmeler, sporda hukuki ve cezai sorumluluk, spor hukuku uyu\u015fmazl\u0131klar\u0131n\u0131n \u00e7\u00f6z\u00fcm yollar\u0131, spor kul\u00fcplerinin yap\u0131s\u0131, sporda disiplinin sa\u011flanmas\u0131, spor kurulu\u015flar\u0131n\u0131n uluslararas\u0131 hukuktaki yeri ve hukuksal \u00f6nemi Spor Hukukunun konular\u0131 i\u00e7inde yer al\u0131r.<\/p>\n<p>Genellikle disiplinler aras\u0131 ya da karma bir hukuk dal\u0131 olarak nitelendirilen Spor Hukukunun iki temel alan\u0131ndan s\u00f6z edilir. Bunlar:<\/p>\n<p><strong>-Bireysel Spor Hukuku: <\/strong>Bu alan sportif faaliyetlerde, sporcular\u0131n birbirleriyle ve spor \u00f6rg\u00fctleriyle ili\u015fkilerinin d\u00fczenlenmesi s\u00f6z konusudur.<\/p>\n<p><strong>-\u00d6rg\u00fctsel (Kolektif) Spor Hukuku: <\/strong>Bu alanda da spor \u00f6rg\u00fctlerinin birbirleriyle ili\u015fkileri d\u00fczenlenmektedir. Spor Hukukunun kaynaklar\u0131 aras\u0131nda da \u00f6zellikle T\u00fcrk Bor\u00e7lar Kanunu, T\u00fcrk Medeni Kanunu, Dernekler Kanunu gibi d\u00fczenlemeler oldu\u011fu gibi 658 say\u0131l\u0131 Gen\u00e7lik ve Spor Bakanl\u0131\u011f\u0131n\u0131n Te\u015fkilat ve G\u00f6revleri Hakk\u0131nda Kanun H\u00fckm\u00fcnde Kararname, 3289 say\u0131l\u0131 Spor Genel M\u00fcd\u00fcrl\u00fc\u011f\u00fc Te\u015fkilat ve G\u00f6revleri Hakk\u0131nda Kanun, 5894 say\u0131l\u0131 T\u00fcrkiye Futbol Federasyonu Kurulu\u015f ve G\u00f6revleri Hakk\u0131nda Kanun, 6222 say\u0131l\u0131 Sporda \u015eiddet ve D\u00fczensizli\u011fin \u00d6nlenmesine Dair Kanun, Ba\u015far\u0131l\u0131 Sporculara Ayl\u0131k Ba\u011flanmas\u0131 \u0130le Devlet Sporcusu Unvan\u0131 Verilmesi Hakk\u0131nda Kanun, Ba\u011f\u0131ms\u0131z Spor Federasyonlar\u0131n\u0131n \u00c7al\u0131\u015fma Usul Ve Esaslar\u0131 Hakk\u0131nda Y\u00f6netmelik, Gen\u00e7lik Ve Spor Hizmetleri Kanun, Spor Hizmet Ve Faaliyetlerinde \u00dcst\u00fcn Ba\u015far\u0131 G\u00f6sterenlerin \u00d6d\u00fcllendirilmesi Hakk\u0131nda Y\u00f6netmelik, Sporda \u015eiddet Ve D\u00fczensizli\u011fin \u00d6nlenmesine Dair Kanunun Uygulanmas\u0131na \u0130li\u015fkin Y\u00f6netmelik, Ba\u015far\u0131l\u0131 Sporculara Ayl\u0131k Ba\u011flanmas\u0131 Ve Devlet Sporcusu Unvan\u0131 Verilmesi Hakk\u0131nda Y\u00f6netmelik, Gen\u00e7lik Ve Spor Genel M\u00fcd\u00fcrl\u00fc\u011f\u00fc Amat\u00f6r Spor Dallar\u0131 Ceza Y\u00f6netmeli\u011fi gibi pek \u00e7ok d\u00fczenleme yer almaktad\u0131r. Ayr\u0131ca Sporculara Ayl\u0131k Ba\u011flanmas\u0131 ile Devlet Sporcusu Unvan\u0131 verilmesi Hakk\u0131nda Kanun da bunlar aras\u0131nda say\u0131labilir.<\/p>\n","protected":false},"excerpt":{"rendered":"<p>Spor Hukuku sportif faaliyetlerle ve sportif \u00f6rg\u00fctlerle ilgili hukuk kurallar\u0131n\u0131n t\u00fcm\u00fcn\u00fc i\u00e7ine alan hukuk dal\u0131d\u0131r. Toplum ve spor, sporda hukuk\u00e7unun yeri ve \u00f6nemi, T\u00fcrkiye spor mevzuat\u0131, spor hukukundaki s\u00f6zle\u015fmeler, sporda hukuki ve cezai sorumluluk, spor hukuku uyu\u015fmazl\u0131klar\u0131n\u0131n \u00e7\u00f6z\u00fcm yollar\u0131, spor kul\u00fcplerinin yap\u0131s\u0131, sporda disiplinin sa\u011flanmas\u0131, spor kurulu\u015flar\u0131n\u0131n uluslararas\u0131 hukuktaki yeri ve hukuksal \u00f6nemi Spor Hukukunun&#8230;<\/p>\n","protected":false},"author":1,"featured_media":0,"parent":0,"menu_order":0,"comment_status":"closed","ping_status":"closed","template":"","meta":{"_kad_post_transparent":"","_kad_post_title":"","_kad_post_layout":"","_kad_post_sidebar_id":"","_kad_post_content_style":"","_kad_post_vertical_padding":"","_kad_post_feature":"","_kad_post_feature_position":"","_kad_post_header":false,"_kad_post_footer":false,"_kad_post_classname":"","footnotes":""},"class_list":["post-775","page","type-page","status-publish","hentry"],"_links":{"self":[{"href":"https:\/\/ozelhukukburosu.com\/index.php?rest_route=\/wp\/v2\/pages\/775","targetHints":{"allow":["GET"]}}],"collection":[{"href":"https:\/\/ozelhukukburosu.com\/index.php?rest_route=\/wp\/v2\/pages"}],"about":[{"href":"https:\/\/ozelhukukburosu.com\/index.php?rest_route=\/wp\/v2\/types\/page"}],"author":[{"embeddable":true,"href":"https:\/\/ozelhukukburosu.com\/index.php?rest_route=\/wp\/v2\/users\/1"}],"replies":[{"embeddable":true,"href":"https:\/\/ozelhukukburosu.com\/index.php?rest_route=%2Fwp%2Fv2%2Fcomments&post=775"}],"version-history":[{"count":2,"href":"https:\/\/ozelhukukburosu.com\/index.php?rest_route=\/wp\/v2\/pages\/775\/revisions"}],"predecessor-version":[{"id":777,"href":"https:\/\/ozelhukukburosu.com\/index.php?rest_route=\/wp\/v2\/pages\/775\/revisions\/777"}],"wp:attachment":[{"href":"https:\/\/ozelhukukburosu.com\/index.php?rest_route=%2Fwp%2Fv2%2Fmedia&parent=775"}],"curies":[{"name":"wp","href":"https:\/\/api.w.org\/{rel}","templated":true}]}}