{"id":762,"date":"2020-03-21T11:57:36","date_gmt":"2020-03-21T11:57:36","guid":{"rendered":"http:\/\/ozelhukukburosu.com\/?page_id=762"},"modified":"2020-03-21T11:58:40","modified_gmt":"2020-03-21T11:58:40","slug":"enerji-hukuku","status":"publish","type":"page","link":"https:\/\/ozelhukukburosu.com\/?page_id=762","title":{"rendered":"ENERJ\u0130 HUKUKU"},"content":{"rendered":"<p>Sanayi devrimi itibariyle g\u00fc\u00e7 dengeleri enerji ve hammadde yo\u011funla\u015fm\u0131\u015f, End\u00fcstri 4.0. ba\u015fka bir adland\u0131rmayla 4. Sanayi devrimi ile enerji ba\u015fl\u0131ca g\u00fcndem ve m\u00fccadele konusu olmu\u015ftur. T\u00fcm d\u00fcnyada \u00fcretim enerji ihtiyac\u0131n\u0131 art\u0131rm\u0131\u015f, bu ihtiyac\u0131n kar\u015f\u0131lanmas\u0131 amac\u0131yla enerji \u00fcretim ara\u00e7lar\u0131\/teknolojileri\/hammaddeleri \u00e7e\u015fitlilik g\u00f6stermeye ba\u015flam\u0131\u015ft\u0131r.<\/p>\n<p>Ba\u015flang\u0131\u00e7ta k\u00f6m\u00fcr \u00fczerinden ilerleyen sekt\u00f6rde zamanla do\u011falgaz, petrol ve n\u00fckleer enerji hakimiyet kurmu\u015f, g\u00fcn\u00fcm\u00fczde ise yenilenebilir enerji kaynaklar\u0131na y\u00f6nelim sonucunda r\u00fczgar ve g\u00fcne\u015f enerjisini \u00fcretimin temel ta\u015f\u0131 yapan santrallerin say\u0131s\u0131 artmaktad\u0131r.<\/p>\n<p>D\u00fcnyadaki d\u00f6n\u00fc\u015f\u00fcme ba\u011fl\u0131 olarak \u00fclkemizde de enerji piyasas\u0131 h\u0131zla ilerleme kat etmekte, her y\u0131l milyarlarca liral\u0131k yat\u0131r\u0131mlar yap\u0131lmaktad\u0131r. Enerji sekt\u00f6r\u00fcndeki bu h\u0131zl\u0131 d\u00f6n\u00fc\u015f\u00fcm hukuksal d\u00fczenlemeleri beraberinde getirmekte, g\u00fcn\u00fcm\u00fcz ko\u015fullar\u0131na uygun olarak mevzuat s\u00fcrekli olarak de\u011fi\u015fmektedir. Enerji piyasas\u0131 hem kamusal hem \u00f6zel hukuk ili\u015fkilerini b\u00fcnyesinde bar\u0131nd\u0131\u011f\u0131 gibi, alana \u00f6zel teknik bilgi de gerektirmektedir.<\/p>\n<p>Ba\u015fkent Elektrik A.\u015e., Enerjisa Enerji A.\u015e.\u2019lerinde ba\u015f hukuk m\u00fc\u015favirli\u011fi ve Elektrik Da\u011f\u0131t\u0131m Hizmetleri Derne\u011finde hukuki dan\u0131\u015fman olarak edindi\u011fi, enerji sekt\u00f6r\u00fcndeki 40 y\u0131ll\u0131k tecr\u00fcbesiyle B\u00fcromuz kurucular\u0131ndan Av. Fatma \u00d6ZEL y\u00f6netiminde halen bir\u00e7ok enerji \u015firketine dan\u0131\u015fmanl\u0131k hizmeti vermekteyiz.<\/p>\n","protected":false},"excerpt":{"rendered":"<p>Sanayi devrimi itibariyle g\u00fc\u00e7 dengeleri enerji ve hammadde yo\u011funla\u015fm\u0131\u015f, End\u00fcstri 4.0. ba\u015fka bir adland\u0131rmayla 4. Sanayi devrimi ile enerji ba\u015fl\u0131ca g\u00fcndem ve m\u00fccadele konusu olmu\u015ftur. T\u00fcm d\u00fcnyada \u00fcretim enerji ihtiyac\u0131n\u0131 art\u0131rm\u0131\u015f, bu ihtiyac\u0131n kar\u015f\u0131lanmas\u0131 amac\u0131yla enerji \u00fcretim ara\u00e7lar\u0131\/teknolojileri\/hammaddeleri \u00e7e\u015fitlilik g\u00f6stermeye ba\u015flam\u0131\u015ft\u0131r. Ba\u015flang\u0131\u00e7ta k\u00f6m\u00fcr \u00fczerinden ilerleyen sekt\u00f6rde zamanla do\u011falgaz, petrol ve n\u00fckleer enerji hakimiyet kurmu\u015f, g\u00fcn\u00fcm\u00fczde&#8230;<\/p>\n","protected":false},"author":1,"featured_media":0,"parent":0,"menu_order":0,"comment_status":"closed","ping_status":"closed","template":"","meta":{"_kad_post_transparent":"","_kad_post_title":"","_kad_post_layout":"","_kad_post_sidebar_id":"","_kad_post_content_style":"","_kad_post_vertical_padding":"","_kad_post_feature":"","_kad_post_feature_position":"","_kad_post_header":false,"_kad_post_footer":false,"_kad_post_classname":"","footnotes":""},"class_list":["post-762","page","type-page","status-publish","hentry"],"_links":{"self":[{"href":"https:\/\/ozelhukukburosu.com\/index.php?rest_route=\/wp\/v2\/pages\/762","targetHints":{"allow":["GET"]}}],"collection":[{"href":"https:\/\/ozelhukukburosu.com\/index.php?rest_route=\/wp\/v2\/pages"}],"about":[{"href":"https:\/\/ozelhukukburosu.com\/index.php?rest_route=\/wp\/v2\/types\/page"}],"author":[{"embeddable":true,"href":"https:\/\/ozelhukukburosu.com\/index.php?rest_route=\/wp\/v2\/users\/1"}],"replies":[{"embeddable":true,"href":"https:\/\/ozelhukukburosu.com\/index.php?rest_route=%2Fwp%2Fv2%2Fcomments&post=762"}],"version-history":[{"count":3,"href":"https:\/\/ozelhukukburosu.com\/index.php?rest_route=\/wp\/v2\/pages\/762\/revisions"}],"predecessor-version":[{"id":765,"href":"https:\/\/ozelhukukburosu.com\/index.php?rest_route=\/wp\/v2\/pages\/762\/revisions\/765"}],"wp:attachment":[{"href":"https:\/\/ozelhukukburosu.com\/index.php?rest_route=%2Fwp%2Fv2%2Fmedia&parent=762"}],"curies":[{"name":"wp","href":"https:\/\/api.w.org\/{rel}","templated":true}]}}