{"id":760,"date":"2020-03-21T11:52:59","date_gmt":"2020-03-21T11:52:59","guid":{"rendered":"http:\/\/ozelhukukburosu.com\/?page_id=760"},"modified":"2020-03-21T13:11:13","modified_gmt":"2020-03-21T13:11:13","slug":"ceza-hukuku","status":"publish","type":"page","link":"https:\/\/ozelhukukburosu.com\/?page_id=760","title":{"rendered":"CEZA HUKUKU"},"content":{"rendered":"<p>Ekibimizde bulunan uygulama k\u00f6kenli ve olduk\u00e7a tecr\u00fcbeli ortaklar\u0131m\u0131z ve dinamik kadromuzla, ceza hukuku alan\u0131nda hem soru\u015fturma hem de kovu\u015fturma evresinde etkin \u015fekilde hizmet vermekteyiz. A\u015fa\u011f\u0131daki su\u00e7larla s\u0131n\u0131rl\u0131 olmamak \u00fczere, \u00f6zellikle hizmet verdi\u011fimiz alanlar:<\/p>\n<p>Sahtecilik ve doland\u0131r\u0131c\u0131l\u0131k su\u00e7lar\u0131,<br \/>\nKa\u00e7ak\u00e7\u0131l\u0131k su\u00e7lar\u0131,<br \/>\nYaralama ve insan \u00f6ld\u00fcrme su\u00e7lar\u0131,<br \/>\nCinsel dokunulmazl\u0131\u011fa kar\u015f\u0131 su\u00e7lar,<br \/>\nTehdit, \u015fantaj ve hakaret su\u00e7lar\u0131,<br \/>\nH\u0131rs\u0131zl\u0131k ve ya\u011fma su\u00e7lar\u0131,<br \/>\nG\u00fcveni ve g\u00f6revi k\u00f6t\u00fcye kullanma su\u00e7lar\u0131,<br \/>\nUyu\u015fturucu veya uyar\u0131c\u0131 madde imal ve ticareti su\u00e7lar\u0131,<br \/>\n\u0130haleye fesat kar\u0131\u015ft\u0131rma su\u00e7u,<br \/>\nBili\u015fim alan\u0131nda su\u00e7lar,<br \/>\nZimmet, r\u00fc\u015fvet ve irtikap su\u00e7lar\u0131,<br \/>\nOrman su\u00e7lar\u0131,<br \/>\nAskeri Ceza Kanununda yer alan su\u00e7lar,<br \/>\nFikri ve s\u0131nai m\u00fclkiyet su\u00e7lar\u0131,<br \/>\n\u0130nternet ortam\u0131nda i\u015flenen su\u00e7lar,<br \/>\nBas\u0131n su\u00e7lar\u0131,<br \/>\n1219 Say\u0131l\u0131 Kanun\u2019da d\u00fczenlenen su\u00e7lar,<br \/>\n\u015eirketler hakk\u0131nda g\u00fcvenlik tedbiri uygulanmas\u0131.<\/p>\n","protected":false},"excerpt":{"rendered":"<p>Ekibimizde bulunan uygulama k\u00f6kenli ve olduk\u00e7a tecr\u00fcbeli ortaklar\u0131m\u0131z ve dinamik kadromuzla, ceza hukuku alan\u0131nda hem soru\u015fturma hem de kovu\u015fturma evresinde etkin \u015fekilde hizmet vermekteyiz. A\u015fa\u011f\u0131daki su\u00e7larla s\u0131n\u0131rl\u0131 olmamak \u00fczere, \u00f6zellikle hizmet verdi\u011fimiz alanlar: Sahtecilik ve doland\u0131r\u0131c\u0131l\u0131k su\u00e7lar\u0131, Ka\u00e7ak\u00e7\u0131l\u0131k su\u00e7lar\u0131, Yaralama ve insan \u00f6ld\u00fcrme su\u00e7lar\u0131, Cinsel dokunulmazl\u0131\u011fa kar\u015f\u0131 su\u00e7lar, Tehdit, \u015fantaj ve hakaret su\u00e7lar\u0131, H\u0131rs\u0131zl\u0131k ve&#8230;<\/p>\n","protected":false},"author":1,"featured_media":0,"parent":0,"menu_order":0,"comment_status":"closed","ping_status":"closed","template":"","meta":{"_kad_post_transparent":"","_kad_post_title":"","_kad_post_layout":"","_kad_post_sidebar_id":"","_kad_post_content_style":"","_kad_post_vertical_padding":"","_kad_post_feature":"","_kad_post_feature_position":"","_kad_post_header":false,"_kad_post_footer":false,"_kad_post_classname":"","footnotes":""},"class_list":["post-760","page","type-page","status-publish","hentry"],"_links":{"self":[{"href":"https:\/\/ozelhukukburosu.com\/index.php?rest_route=\/wp\/v2\/pages\/760","targetHints":{"allow":["GET"]}}],"collection":[{"href":"https:\/\/ozelhukukburosu.com\/index.php?rest_route=\/wp\/v2\/pages"}],"about":[{"href":"https:\/\/ozelhukukburosu.com\/index.php?rest_route=\/wp\/v2\/types\/page"}],"author":[{"embeddable":true,"href":"https:\/\/ozelhukukburosu.com\/index.php?rest_route=\/wp\/v2\/users\/1"}],"replies":[{"embeddable":true,"href":"https:\/\/ozelhukukburosu.com\/index.php?rest_route=%2Fwp%2Fv2%2Fcomments&post=760"}],"version-history":[{"count":3,"href":"https:\/\/ozelhukukburosu.com\/index.php?rest_route=\/wp\/v2\/pages\/760\/revisions"}],"predecessor-version":[{"id":806,"href":"https:\/\/ozelhukukburosu.com\/index.php?rest_route=\/wp\/v2\/pages\/760\/revisions\/806"}],"wp:attachment":[{"href":"https:\/\/ozelhukukburosu.com\/index.php?rest_route=%2Fwp%2Fv2%2Fmedia&parent=760"}],"curies":[{"name":"wp","href":"https:\/\/api.w.org\/{rel}","templated":true}]}}