{"id":728,"date":"2020-03-19T17:44:18","date_gmt":"2020-03-19T17:44:18","guid":{"rendered":"http:\/\/ozelhukukburosu.com\/?page_id=728"},"modified":"2023-07-05T18:43:01","modified_gmt":"2023-07-05T18:43:01","slug":"av-umit-suha-unal-2","status":"publish","type":"page","link":"https:\/\/ozelhukukburosu.com\/?page_id=728","title":{"rendered":"Av. Enes KALEM"},"content":{"rendered":"<h3><span style=\"font-size: 36px;\"><strong>Av. Enes KALEM<\/strong><\/span><\/h3>\n<p><strong>E\u011fitim:<\/strong><br \/>\nSel\u00e7uk \u00dcniversitesi Hukuk Fak\u00fcltesi (2019)<br \/>\nHac\u0131 \u00d6mer Tarman Anadolu Lisesi (2014)<\/p>\n<p><strong>Sertifikalar:<\/strong><br \/>\nCMK Uygulamal\u0131 E\u011fitim Sertifikas\u0131<br \/>\nAdli Yard\u0131m G\u00f6n\u00fcll\u00fc Avukat Sertifikas\u0131<\/p>\n<p><strong>Diller:<\/strong><br \/>\n\u0130ngilizce<\/p>\n","protected":false},"excerpt":{"rendered":"<p>Av. Enes KALEM E\u011fitim: Sel\u00e7uk \u00dcniversitesi Hukuk Fak\u00fcltesi (2019) Hac\u0131 \u00d6mer Tarman Anadolu Lisesi (2014) Sertifikalar: CMK Uygulamal\u0131 E\u011fitim Sertifikas\u0131 Adli Yard\u0131m G\u00f6n\u00fcll\u00fc Avukat Sertifikas\u0131 Diller: \u0130ngilizce<\/p>\n","protected":false},"author":1,"featured_media":1177,"parent":0,"menu_order":0,"comment_status":"closed","ping_status":"closed","template":"","meta":{"_kad_post_transparent":"","_kad_post_title":"hide","_kad_post_layout":"","_kad_post_sidebar_id":"","_kad_post_content_style":"boxed","_kad_post_vertical_padding":"hide","_kad_post_feature":"show","_kad_post_feature_position":"behind","_kad_post_header":false,"_kad_post_footer":false,"_kad_post_classname":"","footnotes":""},"class_list":["post-728","page","type-page","status-publish","has-post-thumbnail","hentry"],"_links":{"self":[{"href":"https:\/\/ozelhukukburosu.com\/index.php?rest_route=\/wp\/v2\/pages\/728","targetHints":{"allow":["GET"]}}],"collection":[{"href":"https:\/\/ozelhukukburosu.com\/index.php?rest_route=\/wp\/v2\/pages"}],"about":[{"href":"https:\/\/ozelhukukburosu.com\/index.php?rest_route=\/wp\/v2\/types\/page"}],"author":[{"embeddable":true,"href":"https:\/\/ozelhukukburosu.com\/index.php?rest_route=\/wp\/v2\/users\/1"}],"replies":[{"embeddable":true,"href":"https:\/\/ozelhukukburosu.com\/index.php?rest_route=%2Fwp%2Fv2%2Fcomments&post=728"}],"version-history":[{"count":15,"href":"https:\/\/ozelhukukburosu.com\/index.php?rest_route=\/wp\/v2\/pages\/728\/revisions"}],"predecessor-version":[{"id":2003,"href":"https:\/\/ozelhukukburosu.com\/index.php?rest_route=\/wp\/v2\/pages\/728\/revisions\/2003"}],"wp:featuredmedia":[{"embeddable":true,"href":"https:\/\/ozelhukukburosu.com\/index.php?rest_route=\/wp\/v2\/media\/1177"}],"wp:attachment":[{"href":"https:\/\/ozelhukukburosu.com\/index.php?rest_route=%2Fwp%2Fv2%2Fmedia&parent=728"}],"curies":[{"name":"wp","href":"https:\/\/api.w.org\/{rel}","templated":true}]}}