{"id":726,"date":"2020-03-19T17:40:27","date_gmt":"2020-03-19T17:40:27","guid":{"rendered":"http:\/\/ozelhukukburosu.com\/?page_id=726"},"modified":"2023-07-05T18:33:33","modified_gmt":"2023-07-05T18:33:33","slug":"av-arb-fatma-ozel","status":"publish","type":"page","link":"https:\/\/ozelhukukburosu.com\/?page_id=726","title":{"rendered":"Av. Arb. Fatma \u00d6ZEL"},"content":{"rendered":"<h3><span style=\"font-size: 35px;\">Av. Arb. Fatma \u00d6ZEL<\/span><\/h3>\n<p>1988 y\u0131l\u0131nda meslek hayat\u0131na ba\u015flayan Fatma \u00d6ZEL, TEK Bo\u011fazi\u00e7i Elektrik Da\u011f\u0131t\u0131m A.\u015e. ve Diyarbak\u0131r Elektrik Da\u011f\u0131t\u0131m A.\u015e.\u2019nde avukatl\u0131k yapm\u0131\u015f, TEDA\u015e\/Ba\u015fkent Elektrik Da\u011f\u0131t\u0131m A.\u015e. ile Enerjisa Ba\u015fkent Elektrik Da\u011f\u0131t\u0131m A.\u015e.\u2019de uzun y\u0131llar ba\u015f hukuk m\u00fc\u015favirli\u011fi g\u00f6revini s\u00fcrd\u00fcrm\u00fc\u015ft\u00fcr.<\/p>\n<p>2015 y\u0131l\u0131 itibariyle Arabuluculuk Siciline kaydolan Fatma \u00d6zel, uyu\u015fmazl\u0131klar\u0131n k\u0131sa s\u00fcrede, az maliyetle ve gizlilik esas\u0131yla giderilmesinde etkin rol almaktad\u0131r. Fatma \u00d6ZEL, \u00d6zel Hukuk B\u00fcrosu b\u00fcnyesinde halen avukatl\u0131k ve arabuluculuk faaliyetlerini s\u00fcrd\u00fcrmektedir.<\/p>\n<p><strong>E\u011fitim<\/strong><\/p>\n<ul>\n<li>2017, Hacettepe \u00dcniversitesi, Arabuluculuk Yenileme E\u011fitimi,<\/li>\n<li>2016, Anadolu \u00dcniversitesi, \u0130\u015f Sa\u011fl\u0131\u011f\u0131 ve G\u00fcvenli\u011fi Hizmetlerinin y\u00fcr\u00fct\u00fcm\u00fcne \u0130li\u015fkin \u0130\u015fveren Veya \u0130\u015fveren Vekili E\u011fitimi,<\/li>\n<li>2016, Ulusal Yeterlilikler Baz\u0131nda \u00d6l\u00e7me ve De\u011ferlendirme E\u011fitimleri,<\/li>\n<li>2014, Hacettepe \u00dcniversitesi, Arabuluculuk E\u011fitimi,<\/li>\n<li>2012, Enerji Uzmanlar\u0131 Derne\u011fi, Elektrik Piyasas\u0131nda Fiyat Olu\u015fumu ve Tarifeler E\u011fitimi,<\/li>\n<li>1989- 2013, \u0130\u015f Veren Taraf\u0131ndan Sa\u011flanan Pek \u00c7ok Say\u0131daki Ki\u015fisel Geli\u015fim ve Y\u00f6neticilik E\u011fitimleri,<\/li>\n<li>1987-1988,\u00a0 Ankara Barosu Staj E\u011fitimi,<\/li>\n<li>1983-1987,\u00a0 Dicle \u00dcniversitesi Hukuk Fak\u00fcltesi,<\/li>\n<li>1980-1983,\u00a0 Kayseri Lisesi,<\/li>\n<\/ul>\n<p><strong>\u0130\u015f Deneyimi<\/strong><\/p>\n<ul>\n<li>01.05.2017 \u00d6zel Hukuk B\u00fcrosu\n<ul>\n<li>Y\u00f6netici Avukat &#8211; Arabulucu<\/li>\n<\/ul>\n<\/li>\n<li>2013-2017 \u00d6zel&amp;Altunda\u011f Hukuk B\u00fcrosu\n<ul>\n<li>Y\u00f6netici Avukat &#8211; Arabulucu<\/li>\n<\/ul>\n<\/li>\n<li>2009-2013,\u00a0 Enerjisa Ba\u015fkent Elektrik Da\u011f\u0131t\u0131m A.\u015e\n<ul>\n<li>Ba\u015f Hukuk M\u00fc\u015faviri<\/li>\n<\/ul>\n<\/li>\n<li>1993- 2009, TEDA\u015e\/Ba\u015fkent Elektrik Da\u011f\u0131t\u0131m A.\u015e.\n<ul>\n<li>1. Hukuk M\u00fc\u015faviri<\/li>\n<li>M\u00fc\u015favir Avukat<\/li>\n<li>Avukat<\/li>\n<\/ul>\n<\/li>\n<li>1991-1993, Diyarbak\u0131r Elektrik Da\u011f\u0131t\u0131m A.\u015e\n<ul>\n<li>Avukat<\/li>\n<\/ul>\n<\/li>\n<li>1989-1991,TEK Bo\u011fazi\u00e7i Elektrik Da\u011f\u0131t\u0131m A.\u015e\n<ul>\n<li>Avukat<\/li>\n<\/ul>\n<\/li>\n<li>1987- 1988, Ankara Barosu, Av. Turan Ak\u015fen\n<ul>\n<li>Avukatl\u0131k Staj\u0131<\/li>\n<\/ul>\n<\/li>\n<\/ul>\n","protected":false},"excerpt":{"rendered":"<p>Av. Arb. Fatma \u00d6ZEL 1988 y\u0131l\u0131nda meslek hayat\u0131na ba\u015flayan Fatma \u00d6ZEL, TEK Bo\u011fazi\u00e7i Elektrik Da\u011f\u0131t\u0131m A.\u015e. ve Diyarbak\u0131r Elektrik Da\u011f\u0131t\u0131m A.\u015e.\u2019nde avukatl\u0131k yapm\u0131\u015f, TEDA\u015e\/Ba\u015fkent Elektrik Da\u011f\u0131t\u0131m A.\u015e. ile Enerjisa Ba\u015fkent Elektrik Da\u011f\u0131t\u0131m A.\u015e.\u2019de uzun y\u0131llar ba\u015f hukuk m\u00fc\u015favirli\u011fi g\u00f6revini s\u00fcrd\u00fcrm\u00fc\u015ft\u00fcr. 2015 y\u0131l\u0131 itibariyle Arabuluculuk Siciline kaydolan Fatma \u00d6zel, uyu\u015fmazl\u0131klar\u0131n k\u0131sa s\u00fcrede, az maliyetle ve gizlilik&#8230;<\/p>\n","protected":false},"author":1,"featured_media":1148,"parent":0,"menu_order":0,"comment_status":"closed","ping_status":"closed","template":"","meta":{"_kad_post_transparent":"default","_kad_post_title":"hide","_kad_post_layout":"","_kad_post_sidebar_id":"","_kad_post_content_style":"boxed","_kad_post_vertical_padding":"hide","_kad_post_feature":"show","_kad_post_feature_position":"behind","_kad_post_header":false,"_kad_post_footer":false,"_kad_post_classname":"","footnotes":""},"class_list":["post-726","page","type-page","status-publish","has-post-thumbnail","hentry"],"_links":{"self":[{"href":"https:\/\/ozelhukukburosu.com\/index.php?rest_route=\/wp\/v2\/pages\/726","targetHints":{"allow":["GET"]}}],"collection":[{"href":"https:\/\/ozelhukukburosu.com\/index.php?rest_route=\/wp\/v2\/pages"}],"about":[{"href":"https:\/\/ozelhukukburosu.com\/index.php?rest_route=\/wp\/v2\/types\/page"}],"author":[{"embeddable":true,"href":"https:\/\/ozelhukukburosu.com\/index.php?rest_route=\/wp\/v2\/users\/1"}],"replies":[{"embeddable":true,"href":"https:\/\/ozelhukukburosu.com\/index.php?rest_route=%2Fwp%2Fv2%2Fcomments&post=726"}],"version-history":[{"count":9,"href":"https:\/\/ozelhukukburosu.com\/index.php?rest_route=\/wp\/v2\/pages\/726\/revisions"}],"predecessor-version":[{"id":2000,"href":"https:\/\/ozelhukukburosu.com\/index.php?rest_route=\/wp\/v2\/pages\/726\/revisions\/2000"}],"wp:featuredmedia":[{"embeddable":true,"href":"https:\/\/ozelhukukburosu.com\/index.php?rest_route=\/wp\/v2\/media\/1148"}],"wp:attachment":[{"href":"https:\/\/ozelhukukburosu.com\/index.php?rest_route=%2Fwp%2Fv2%2Fmedia&parent=726"}],"curies":[{"name":"wp","href":"https:\/\/api.w.org\/{rel}","templated":true}]}}