{"id":724,"date":"2020-03-19T17:36:59","date_gmt":"2020-03-19T17:36:59","guid":{"rendered":"http:\/\/ozelhukukburosu.com\/?page_id=724"},"modified":"2023-07-05T18:34:57","modified_gmt":"2023-07-05T18:34:57","slug":"av-ramazan-ozkepir","status":"publish","type":"page","link":"https:\/\/ozelhukukburosu.com\/?page_id=724","title":{"rendered":"Av. Ramazan \u00d6ZKEP\u0130R"},"content":{"rendered":"<h3><span style=\"font-size: 35px;\">Av. Ramazan \u00d6ZKEP\u0130R<\/span><\/h3>\n<p><strong>Mezun Oldu\u011fu \u00dcniversite:<\/strong>\u00a0 \u0130stanbul \u00dcniversitesi Hukuk Fak\u00fcltesi<br \/>\n<strong style=\"font-family: arial, helvetica, sans-serif; color: var( --e-global-color-text ); font-size: 1em;\">Yapt\u0131\u011f\u0131 G\u00f6revler:<br \/>\n<\/strong>Bolu Cumhuriyet savc\u0131s\u0131,<br \/>\n\u015eirvan Cumhuriyet savc\u0131s\u0131,<br \/>\nSar\u0131kaya Cumhuriyet savc\u0131s\u0131,<br \/>\nErzin Cumhuriyet savc\u0131s\u0131,<br \/>\nYarg\u0131tay Tetkik Hakimli\u011fi (1991-1996),<br \/>\nYarg\u0131tay Cumhuriyet savc\u0131l\u0131\u011f\u0131 (1996-2007),<br \/>\nYarg\u0131tay 4. Ceza Dairesi \u00dcyeli\u011fi (2007-2014),<br \/>\nYarg\u0131tay 19. Ceza Dairesi Ba\u015fkanl\u0131\u011f\u0131 (2014-2020)<br \/>\n<strong>Ek G\u00f6revler:<br \/>\n<\/strong>Uyu\u015fmazl\u0131k Mahkemesi Ceza B\u00f6l\u00fcm\u00fc As\u0131l \u00dcyeli\u011fi(2007-2011),<br \/>\nAdalet Akademisi Genel Kurul ve Denetim Kurulu \u00dcyeli\u011fi(2007-2011).<br \/>\n<strong>Ortak Eserleri:<\/strong><br \/>\nMala Kar\u015f\u0131 Su\u00e7lar,<br \/>\nBelgelerde Sahtecilik ve Bili\u015fim Alan\u0131nda Su\u00e7lar,<br \/>\nH\u0131rs\u0131zl\u0131k Su\u00e7lar\u0131,<br \/>\nA\u011f\u0131r Ceza Davalar\u0131,<br \/>\nKasten Adam \u00d6ld\u00fcrme Su\u00e7lar\u0131,<br \/>\n\u0130\u00e7tihatl\u0131 T\u00fcrk Ceza Kanunu,<br \/>\nSahtekarl\u0131k Su\u00e7lar\u0131,<br \/>\nCeza Muhakemesi Kanunu \u015eerhi,<br \/>\n\u00d6zel Ceza Kanunlar\u0131,<br \/>\nOrman Kanunu,<br \/>\nSosyal Medya ve Bas\u0131n Hukuku.<br \/>\n<strong>Kat\u0131ld\u0131\u011f\u0131 Toplant\u0131 Ve Paneller:<\/strong><br \/>\nCeza Muhakemesi Kanunu, \u00c7ocuk Koruma Kanunu,<br \/>\nCeza ve G\u00fcvenlik Tedbirlerinin \u0130nfaz\u0131 Hakk\u0131nda Kanun,<br \/>\nCeza Kanununda De\u011fi\u015fiklik Yap\u0131lmas\u0131na Dair 5377 say\u0131l\u0131 Kanun,<br \/>\nDenetimli Serbestlik Kanunu Ve Temel Ceza Kanununa Uyum Amac\u0131yla \u00c7e\u015fitli Kanunlarda De\u011fi\u015fiklik Yap\u0131lmas\u0131na Dair 5728 say\u0131l\u0131 Kanunun TBMM Adalet Komisyonundaki toplant\u0131lar\u0131nda Yarg\u0131tay Cumhuriyet Ba\u015fsavc\u0131l\u0131\u011f\u0131n\u0131 temsil,<br \/>\nT\u00fcrkiye Adalet Akademisinde kamu g\u00fcvenine kar\u015f\u0131 su\u00e7lar konusunda ders anlat\u0131m\u0131,<br \/>\nFikri M\u00fclkiyet Su\u00e7lar\u0131 konusunda d\u00fczenlenen ondan fazla panelde oturum ba\u015fkanl\u0131\u011f\u0131,<br \/>\nFikri M\u00fclkiyet Su\u00e7lar\u0131 ile ilgili AB projesi kapsam\u0131nda Almanya, \u0130spanya Ve \u0130talya\u00b4ya \u00e7al\u0131\u015fma ziyaretleri.<\/p>\n","protected":false},"excerpt":{"rendered":"<p>Av. Ramazan \u00d6ZKEP\u0130R Mezun Oldu\u011fu \u00dcniversite:\u00a0 \u0130stanbul \u00dcniversitesi Hukuk Fak\u00fcltesi Yapt\u0131\u011f\u0131 G\u00f6revler: Bolu Cumhuriyet savc\u0131s\u0131, \u015eirvan Cumhuriyet savc\u0131s\u0131, Sar\u0131kaya Cumhuriyet savc\u0131s\u0131, Erzin Cumhuriyet savc\u0131s\u0131, Yarg\u0131tay Tetkik Hakimli\u011fi (1991-1996), Yarg\u0131tay Cumhuriyet savc\u0131l\u0131\u011f\u0131 (1996-2007), Yarg\u0131tay 4. Ceza Dairesi \u00dcyeli\u011fi (2007-2014), Yarg\u0131tay 19. Ceza Dairesi Ba\u015fkanl\u0131\u011f\u0131 (2014-2020) Ek G\u00f6revler: Uyu\u015fmazl\u0131k Mahkemesi Ceza B\u00f6l\u00fcm\u00fc As\u0131l \u00dcyeli\u011fi(2007-2011), Adalet Akademisi Genel&#8230;<\/p>\n","protected":false},"author":1,"featured_media":1162,"parent":0,"menu_order":0,"comment_status":"closed","ping_status":"closed","template":"","meta":{"_kad_post_transparent":"","_kad_post_title":"hide","_kad_post_layout":"","_kad_post_sidebar_id":"","_kad_post_content_style":"boxed","_kad_post_vertical_padding":"hide","_kad_post_feature":"show","_kad_post_feature_position":"behind","_kad_post_header":false,"_kad_post_footer":false,"_kad_post_classname":"","footnotes":""},"class_list":["post-724","page","type-page","status-publish","has-post-thumbnail","hentry"],"_links":{"self":[{"href":"https:\/\/ozelhukukburosu.com\/index.php?rest_route=\/wp\/v2\/pages\/724","targetHints":{"allow":["GET"]}}],"collection":[{"href":"https:\/\/ozelhukukburosu.com\/index.php?rest_route=\/wp\/v2\/pages"}],"about":[{"href":"https:\/\/ozelhukukburosu.com\/index.php?rest_route=\/wp\/v2\/types\/page"}],"author":[{"embeddable":true,"href":"https:\/\/ozelhukukburosu.com\/index.php?rest_route=\/wp\/v2\/users\/1"}],"replies":[{"embeddable":true,"href":"https:\/\/ozelhukukburosu.com\/index.php?rest_route=%2Fwp%2Fv2%2Fcomments&post=724"}],"version-history":[{"count":26,"href":"https:\/\/ozelhukukburosu.com\/index.php?rest_route=\/wp\/v2\/pages\/724\/revisions"}],"predecessor-version":[{"id":2001,"href":"https:\/\/ozelhukukburosu.com\/index.php?rest_route=\/wp\/v2\/pages\/724\/revisions\/2001"}],"wp:featuredmedia":[{"embeddable":true,"href":"https:\/\/ozelhukukburosu.com\/index.php?rest_route=\/wp\/v2\/media\/1162"}],"wp:attachment":[{"href":"https:\/\/ozelhukukburosu.com\/index.php?rest_route=%2Fwp%2Fv2%2Fmedia&parent=724"}],"curies":[{"name":"wp","href":"https:\/\/api.w.org\/{rel}","templated":true}]}}