{"id":722,"date":"2020-03-19T17:35:09","date_gmt":"2020-03-19T17:35:09","guid":{"rendered":"http:\/\/ozelhukukburosu.com\/?page_id=722"},"modified":"2023-07-05T18:32:08","modified_gmt":"2023-07-05T18:32:08","slug":"prof-dr-caglar-ozel","status":"publish","type":"page","link":"https:\/\/ozelhukukburosu.com\/?page_id=722","title":{"rendered":"Prof. Dr. \u00c7a\u011flar \u00d6ZEL"},"content":{"rendered":"<p><span style=\"font-size: 36px;\"><strong>Av. Arb. Prof. Dr. \u00c7a\u011flar \u00d6ZEL<\/strong><\/span><\/p>\n<p>1986 y\u0131l\u0131nda Dicle \u00dcniversitesi Hukuk Fak\u00fcltesi\u2019nden mezun olmu\u015f, 1987 y\u0131l\u0131nda Antalya Barosu\u2019nda avukatl\u0131k staj\u0131n\u0131 tamamlam\u0131\u015ft\u0131r.<\/p>\n<p>Dicle \u00dcniversitesi Hukuk Fak\u00fcltesi Medeni Hukuk K\u00fcrs\u00fcs\u00fcnde 1987 y\u0131l\u0131nda asistan olarak ba\u015flad\u0131\u011f\u0131 akademik hayat\u0131n\u0131 daha sonra Hacettepe \u00dcniversitesi \u0130ktisadi ve \u0130dari Bilimler Fak\u00fcltesi ve Hacettepe \u00dcniversitesi Hukuk Fak\u00fcltesi\u2019nde s\u00fcrd\u00fcrm\u00fc\u015ft\u00fcr.<\/p>\n<p>2012-2016 y\u0131llar\u0131 aras\u0131nda Hacettepe \u00dcniversitesi Hukuk Fak\u00fcltesi ve 2016-2021 y\u0131llar\u0131 aras\u0131nda\u00a0Uluslararas\u0131 K\u0131br\u0131s \u00dcniversitesi Hukuk Fak\u00fcltesi\u00a0dekanl\u0131\u011f\u0131 g\u00f6revini de y\u00fcr\u00fctm\u00fc\u015f olup, halen \u00d6zye\u011fin \u00dcniversitesi Hukuk Fak\u00fcltesi&#8217;nde \u00f6\u011fretim \u00fcyesidir.<\/p>\n<p>Meden\u00ee Hukuk, T\u00fcketicinin Korunmas\u0131 Hukuku ve \u00d6zel Hukuk alan\u0131ndaki bilgi birikimi ve mesleki tecr\u00fcbesi ile ba\u011flant\u0131l\u0131 olarak \u00f6zellikle Ki\u015filer Hukuku: Ger\u00e7ek Ki\u015filer, T\u00fczel Ki\u015filer (Dernekler ve Vak\u0131flar), Aile Hukuku, Bor\u00e7lar Hukuku, S\u00f6zle\u015fmeler Hukuku (\u00d6zel Bor\u00e7 \u0130li\u015fkileri), E\u015fya Hukuku, Miras Hukuku, Ticaret Hukuku, Milletleraras\u0131 \u00d6zel Hukuk ve T\u00fcketici Hukuku alan\u0131n\u0131 ilgilendiren i\u015f ili\u015fkileri ve uyu\u015fmazl\u0131klarda dan\u0131\u015fmanl\u0131k, avukatl\u0131k, arabuluculuk ve hakemlik hizmetleri sunmaktad\u0131r.<\/p>\n<p style=\"text-align: justify;\">Lex&amp;Audit hukuk i\u015fleri koordinat\u00f6r\u00fc olan \u00c7a\u011flar \u00d6zel <a href=\"https:\/\/scholar.google.com.tr\/citations?user=NHRRLFwAAAAJ&amp;hl=tr\">akademik faaliyetlerine<\/a> de devam etmektedir.<\/p>\n<table width=\"105%\">\n<tbody>\n<tr>\n<td>\n<h3>ESERLER<\/h3>\n<\/td>\n<\/tr>\n<tr>\n<td><strong>A. Uluslararas\u0131 hakemli dergilerde yay\u0131mlanan makaleler :<\/strong><\/td>\n<\/tr>\n<tr>\n<td>\n<table width=\"100%\">\n<tbody>\n<tr>\n<td width=\"5%\"><\/td>\n<td width=\"95%\"><strong>Yay\u0131n Bilgisi<\/strong><\/td>\n<\/tr>\n<tr>\n<td>1<\/td>\n<td>\u00d6zcan Burcu G., \u00d6ktem M. Kemal, \u00d6zel \u00c7a\u011flar, &#8220;Consumer Rights Perception in Turkey: Legal and Administrative System Perspective&#8221;, Turkish Yearbook of Human Rights, Cilt 34, Bask\u0131 , Sayfa 1-20, 2012<\/td>\n<\/tr>\n<tr>\n<td>2<\/td>\n<td>\u00d6zel Caglar, &#8220;\u00dcber Die Begriffe \\\\\\&#8221;Elektrizit\u00e4t\\\\\\&#8221; Und \\\\\\&#8221;Versorgungssicherhe\u0131t\\\\\\&#8221; Unter Ber\u00fccksicht\u0131gung Der Ver\u00e4nderungen Durch Das Gesetz Zum Elektrizit\u00e4tsmarkt In Der T\u00fcrkei&#8221;, Revista Estudios Jur\u00eddicos, Cilt 127, Bask\u0131 8, Sayfa 1-19, 2008<\/td>\n<\/tr>\n<tr>\n<td>3<\/td>\n<td>\u00d6zdemir Burhan, \u00d6zel \u00c7a\u011flar, &#8220;International labour standards and the ilo declaration of fundamental principles and rights&#8221;, Manas \u00dcniversitesi Sosyal Bilimler Dergisi, Cilt , Bask\u0131 13, Sayfa 127-136, 2005<\/td>\n<\/tr>\n<tr>\n<td>4<\/td>\n<td>\u00c7a\u011flar Ali, Onay Meltem, \u00d6zel \u00c7a\u011flar, &#8220;Being Women Prisoners in Turkey&#8221;, Middle Eastern Studies, Cilt 41, Bask\u0131 6, Sayfa 953-974, 2005<\/td>\n<\/tr>\n<\/tbody>\n<\/table>\n<\/td>\n<\/tr>\n<tr>\n<td><strong>B. Uluslararas\u0131 bilimsel toplant\u0131larda sunulan ve bildiri kitaplar\u0131nda (proceedings) bas\u0131lan bildiriler :<\/strong><\/td>\n<\/tr>\n<tr>\n<td>\n<table width=\"100%\">\n<tbody>\n<tr>\n<td width=\"5%\"><\/td>\n<td width=\"95%\"><strong>Yay\u0131n Bilgisi<\/strong><\/td>\n<\/tr>\n<tr>\n<td>1<\/td>\n<td>\u00d6zel \u00c7a\u011flar, &#8220;G\u00f6\u00e7 Hukuku A\u00e7\u0131s\u0131ndan Yabanc\u0131lar\u0131n T\u00fcrkiye\u2019de \u0130kameti (Residence of Foreigners in Turkey with respect to the Immigration Law)&#8221;, INTERNATIONAL CONFERENCE ON EURASIAN ECONOMIES, Sayfa 964-968, 2014<\/td>\n<\/tr>\n<tr>\n<td>2<\/td>\n<td>\u00d6zel \u00c7a\u011flar, &#8220;D\u00fcnya Ekonomik Krizi ve Hukuksal D\u00fczenlemeler \u00c7er\u00e7evesinde Yenilenebilir Enerjiler Konusuna Bak\u0131\u015f&#8221;, Azerbeycan Devlet \u0130ktisat \u00dcniversitesi, Sayfa -, 2009<\/td>\n<\/tr>\n<tr>\n<td>3<\/td>\n<td>\u00d6zel \u00c7a\u011flar, Ba\u011fdadio\u011flu Necmiddin, &#8220;Security of Electricity Supply&#8221;, The 2nd Multinational Energy and Value Conference, Hacettepe \u00dcniversitesi, Sayfa -, 2009<\/td>\n<\/tr>\n<tr>\n<td>4<\/td>\n<td>\u00d6zel \u00c7a\u011flar, \u00d6ktem M. Kemal , \u00d6zcan Burcu G., &#8220;A Pilot Study on the Perception of the Consumer Rights: Economic Transition and its Effects on Turkish Law and Public Administration&#8221;, 2nd International Symposum on Public Finance &#8211; Recent Fiscal Problems in Transitional Economies,Bishkek \/ Kyrgyzstan Manas \u00dcniversitesi Universty, Sayfa -, 2007<\/td>\n<\/tr>\n<\/tbody>\n<\/table>\n<\/td>\n<\/tr>\n<tr>\n<td><strong>C. Yaz\u0131lan ulusal\/uluslararas\u0131 kitaplar veya kitaplardaki b\u00f6l\u00fcmler :<\/strong><\/td>\n<\/tr>\n<tr>\n<td><strong>C1. Yaz\u0131lan ulusal\/uluslararas\u0131 kitaplar:<\/strong><\/td>\n<\/tr>\n<tr>\n<td>\n<table width=\"100%\">\n<tbody>\n<tr>\n<td width=\"5%\"><\/td>\n<td width=\"95%\"><strong>Yay\u0131n Bilgisi<\/strong><\/td>\n<\/tr>\n<tr>\n<td>1<\/td>\n<td>Ayd\u0131n Zevkliler, \u00c7a\u011flar \u00d6zel, T\u00fcketicinin Korunmas\u0131 Hukuku , Ankara\u00a0 Se\u00e7kin Yay\u0131nevi, 2016<\/td>\n<\/tr>\n<tr>\n<td>2<\/td>\n<td>Erol Cansel; \u00c7a\u011flar \u00d6zel, (2014). Bor\u00e7lar Hukuku Genel H\u00fck\u00fcmler. Ankara: Se\u00e7kin Yay\u0131nevi.<\/td>\n<\/tr>\n<tr>\n<td>3<\/td>\n<td>\u00c7a\u011flar \u00d6zel, (2014). T\u00fcketicinin Korunmas\u0131 Hukuku. Ankara: Se\u00e7kin Yay\u0131nevi.<\/td>\n<\/tr>\n<tr>\n<td>4<\/td>\n<td>Cansel Erol; \u00d6zel \u00c7a\u011flar; Y\u00fcksel Mehmet vd., (2013). Hukuka Giri\u015f. : Se\u00e7kin Yay\u0131nevi.<\/td>\n<\/tr>\n<tr>\n<td>5<\/td>\n<td>Cansel Erol; \u00d6zel \u00c7a\u011flar, (2012). Hukuk Ba\u015flang\u0131c\u0131. Ankara: Se\u00e7kin Yay\u0131nevi.<\/td>\n<\/tr>\n<tr>\n<td>6<\/td>\n<td>\u00c7a\u011flar \u00d6zel, (2002). Marka Lisans\u0131 S\u00f6zle\u015fmesi. Ankara: Se\u00e7kin Yay\u0131nevi.<\/td>\n<\/tr>\n<tr>\n<td>7<\/td>\n<td>\u00c7a\u011flar \u00d6zel, (1999). Geri Alma Hakk\u0131. Ankara: Banka ve Ticaret Hukuku Enstit\u00fcs\u00fc.<\/td>\n<\/tr>\n<tr>\n<td>8<\/td>\n<td>Edit., (0). T\u0131p Hukuk ve Eti\u011fi. Ankara: Se\u00e7kin yay\u0131nevi.<\/td>\n<\/tr>\n<\/tbody>\n<\/table>\n<\/td>\n<\/tr>\n<tr>\n<td><strong>C2. Yaz\u0131lan ulusal\/uluslararas\u0131 kitaplardaki b\u00f6l\u00fcmler :<\/strong><\/td>\n<\/tr>\n<tr>\n<td>\n<table width=\"100%\">\n<tbody>\n<tr>\n<td width=\"5%\"><\/td>\n<td width=\"95%\"><strong>Yay\u0131n Bilgisi<\/strong><\/td>\n<\/tr>\n<tr>\n<td>1<\/td>\n<td>\u00d6zel \u00c7a\u011flar, (2010). Prof. Dr. F\u0131rat \u00d6ztan\\&#8217;a Arma\u011fan. Prof. Dr. Sabih Arkan(Ed.). Schutz von Marken gegen Dritte (s.1709-1728.) : Se\u00e7kin Yay\u0131nevi.<\/td>\n<\/tr>\n<\/tbody>\n<\/table>\n<\/td>\n<\/tr>\n<tr>\n<td><strong>D. Ulusal hakemli dergilerde yay\u0131mlanan makaleler :<\/strong><\/td>\n<\/tr>\n<tr>\n<td>\n<table width=\"100%\">\n<tbody>\n<tr>\n<td width=\"5%\"><\/td>\n<td width=\"95%\"><strong>Yay\u0131n Bilgisi<\/strong><\/td>\n<\/tr>\n<tr>\n<td>1<\/td>\n<td>Cansel Erol; \u00d6zel \u00c7a\u011flar, &#8220;T\u00fcrk Bor\u00e7lar Hukukunda Ceza Ko\u015fulu&#8221;, Ceza Ko\u015fulu, Cilt 1, Bask\u0131 0, Sayfa 713-734, 2013<\/td>\n<\/tr>\n<tr>\n<td>2<\/td>\n<td>\u00d6zel \u00c7a\u011flar; B\u00fcy\u00fcktan\u0131r \u00d6zcan Burcu G.;\u00d6zel Fatma, &#8220;Elektrik Piyasalar\u0131nda Elektrik Sa\u011flama Ama\u00e7l\u0131 S\u00f6zle\u015fmeler&#8221;, Elektrik Sa\u011flama Ama\u00e7l\u0131 S\u00f6zle\u015fmeler, Cilt 0, Bask\u0131 0, Sayfa 2075-2126, 2013<\/td>\n<\/tr>\n<tr>\n<td>3<\/td>\n<td>G\u00fcrel Bet\u00fcl, \u00d6zel \u00c7a\u011flar, &#8220;Kamu \u00c7al\u0131\u015fanlar\u0131n\u0131n B\u00fcy\u00fck\u015fehir Belediye Hizmetlerinden Memnuniyeti: Ankara \u00d6rne\u011fi&#8221;, Hacettepe Hukuk Fak\u00fcltesi Dergisi, Cilt 3, Bask\u0131 1, Sayfa 65-74, 2013<\/td>\n<\/tr>\n<tr>\n<td>4<\/td>\n<td>Ozel Caglar, &#8220;T\u00fcrk Hukukunda Estetik Cerrah \u0130le Hasta Aras\u0131ndaki Hukuk\u00ee \u0130li\u015fkinin Niteli\u011fi&#8221;, Ankara Barosu Sa\u011fl\u0131k Kurultay\u0131 2, Cilt , Bask\u0131 , Sayfa 241-252, 2009<\/td>\n<\/tr>\n<tr>\n<td>5<\/td>\n<td>\u00d6zel \u00c7a\u011flar, Tatar Erol, &#8220;Aile Mahkemelerinin Yap\u0131s\u0131 ve Kararlar\u0131 \u00dczerine Genel Bir De\u011ferlendirme&#8221;, Sosyo Ekonomi, Cilt , Bask\u0131 7, Sayfa 49-87, 2008<\/td>\n<\/tr>\n<tr>\n<td>6<\/td>\n<td>\u00d6zel \u00c7a\u011flar, &#8220;Hukuksal A\u00e7\u0131dan T\u00fcketicinin Korunmas\u0131 ve T\u00fcketicinin Korunmas\u0131 Gereklili\u011fine \u0130li\u015fkin Bir De\u011ferlendirme&#8221;, Hacettepe \u00dcniversitesi \u0130ktisadi ve \u0130dari Bilimler Fak\u00fcltesi Dergisi, Cilt 26, Bask\u0131 1, Sayfa 287-289, 2008<\/td>\n<\/tr>\n<tr>\n<td>7<\/td>\n<td>\u00d6zel \u00c7a\u011flar, B\u00fcy\u00fcktan\u0131r Burcu G. \u00d6zcan, &#8220;Ak\u0131lc\u0131 \u0130la\u00e7 Kullan\u0131m\u0131nda Hekimin ve Eczac\u0131n\u0131n Hastay\u0131 Ayd\u0131nlatma Y\u00fck\u00fcml\u00fcl\u00fc\u011f\u00fc&#8221;, \u0130stanbul \u00dcniversitesi Hukuk Fak\u00fcltesi Mecmuas\u0131, Cilt 66, Bask\u0131 2, Sayfa 327-345, 2008<\/td>\n<\/tr>\n<tr>\n<td>8<\/td>\n<td>\u00d6zel \u00c7a\u011flar, \u00d6zcan Burcu G., &#8220;Ki\u015filik Haklar\u0131 &#8211; Hasta Haklar\u0131 Ba\u011flam\u0131nda T\u0131bbi M\u00fcdahale Dolay\u0131s\u0131yla \u00c7\u0131kan Hukuki \u0130li\u015fkide Hekimin Hastay\u0131 Ayd\u0131nlatma Y\u00fck\u00fcml\u00fcl\u00fc\u011f\u00fc ve Ayd\u0131nlat\u0131lm\u0131\u015f R\u0131zaya \u0130li\u015fkin Baz\u0131 De\u011ferlendirmeler&#8221;, Hacettepe Sa\u011fl\u0131k \u0130daresi Dergisi, Cilt 10, Bask\u0131 , Sayfa 49-73, 2007<\/td>\n<\/tr>\n<tr>\n<td>9<\/td>\n<td>\u00d6zel \u00c7a\u011flar, Leblebici Do\u011fan N., &#8220;Organizasyon Kusurundan Do\u011fan Zarar A\u00e7\u0131s\u0131ndan \u00d6zel Hastane ve Hekimlerin Sorumluluklar\u0131na K\u0131sa Bir Bak\u0131\u015f&#8221;, Hacettepe Sa\u011fl\u0131k \u0130daresi Dergisi, Cilt 10, Bask\u0131 2, Sayfa 177-200, 2007<\/td>\n<\/tr>\n<tr>\n<td>10<\/td>\n<td>\u00d6zel \u00c7a\u011flar, \u00d6zcan Burcu G., &#8220;\u0130\u015f S\u00f6zle\u015fmelerinde Cezai \u015eart Uygulamas\u0131&#8221;,&#8221;, Gazi \u00dcniversitesi Sosyal Bilimler Dergisi, Cilt 4, Bask\u0131 6, Sayfa 83-110, 2007<\/td>\n<\/tr>\n<tr>\n<td>11<\/td>\n<td>\u00d6zel \u00c7a\u011flar, &#8220;Genel \u0130\u015flem Ko\u015fullar\u0131 Meselesi ve Bor\u00e7lar Kanunu Tasar\u0131s\u0131n\u0131n Genel \u0130\u015flem Ko\u015fullar\u0131na Y\u00f6nelik Olarak Getirdikleri&#8221;, Sosyo Ekonomi, Cilt , Bask\u0131 1, Sayfa 153-166, 2006<\/td>\n<\/tr>\n<tr>\n<td>12<\/td>\n<td>\u00d6zel \u00c7a\u011flar, &#8220;\u0130\u015f Hukuku Uygulamas\u0131nda \u0130bra S\u00f6zle\u015fmeleri ve Yarg\u0131tay&#8217;\u0131n \u0130bra S\u00f6zle\u015fmelerine Bak\u0131\u015f\u0131&#8221;, \u00c7imento \u0130\u015fveren Dergisi, Cilt 19, Bask\u0131 4, Sayfa 1-15, 2005<\/td>\n<\/tr>\n<tr>\n<td>13<\/td>\n<td>\u00d6zel \u00c7a\u011flar, \u00d6zdemir Burhan, &#8220;BK md. 321 Gere\u011fince \u0130\u015f\u00e7inin \u00d6zen Borcunu \u00d6zenle \u0130fa Borcu ve \u0130\u015f\u00e7inin Borca Ayk\u0131r\u0131l\u0131ktan Do\u011fan Sorumlulu\u011funun Kapsam\u0131&#8221;, \u00c7a\u011f \u00dcniversitesi Sosyal Bilimler Dergisi, Cilt , Bask\u0131 , Sayfa 103-, 2004<\/td>\n<\/tr>\n<tr>\n<td>14<\/td>\n<td>\u00d6zel \u00c7a\u011flar, &#8220;Bireysel Emeklilik S\u00f6zle\u015fmelerinde Cayma (Geri Alma) Hakk\u0131&#8221;, \u00c7imento \u0130\u015fveren Dergisi, Cilt 13, Bask\u0131 4, Sayfa 4-19, 2004<\/td>\n<\/tr>\n<tr>\n<td>15<\/td>\n<td>\u00d6zel \u00c7a\u011flar, \u00d6ktem M. Kemal, Tatlarl\u0131 G\u00f6k\u00e7e\u00e7i\u00e7ek, &#8220;Kamu Y\u00f6netimi ve Hukuk Ekseninde E-Noterlik Olgusuna Bir Bak\u0131\u015f&#8221;, TNB Hukuk Dergisi, Cilt , Bask\u0131 , Sayfa 22-32, 2004<\/td>\n<\/tr>\n<tr>\n<td>16<\/td>\n<td>\u00d6zel \u00c7a\u011flar, &#8220;Medeni Hukuk A\u00e7\u0131s\u0131ndan \u00d6l\u00fcm An\u0131n\u0131n Belirlenmesi ve Ceset \u00dczerindeki Hakka \u0130li\u015fkin Baz\u0131 D\u00fc\u015f\u00fcnceler&#8221;, Ankara \u00dcniversitesi Hukuk Fak\u00fcltesi Dergisi, Cilt 51, Bask\u0131 , Sayfa 43-77, 2002<\/td>\n<\/tr>\n<tr>\n<td>17<\/td>\n<td>\u00d6zel \u00c7a\u011flar, &#8220;S\u00f6zle\u015fme D\u0131\u015f\u0131 Sorumlulukta Yans\u0131ma Zarar ve Giderimine \u0130li\u015fkin Baz\u0131 D\u00fc\u015f\u00fcnceler&#8221;, Ankara \u00dcniversitesi Hukuk Fak\u00fcltesi Dergisi, Cilt 50, Bask\u0131 4, Sayfa 81-106, 2001<\/td>\n<\/tr>\n<tr>\n<td>18<\/td>\n<td>\u00d6zel \u00c7a\u011flar, &#8220;T\u00fcketicinin Korunmas\u0131 A\u00e7\u0131s\u0131ndan Ay\u0131pl\u0131 Maldan Do\u011fan Sorumluluk Kapsam\u0131nda Yap\u0131mc\u0131n\u0131n Sorumlulu\u011fu Sorunu&#8221;, Prof. Dr. M. Kemal O\u011fuzman\u2019\u0131n An\u0131s\u0131na Arma\u011fan &#8211; ULAKBIM, Cilt , Bask\u0131 , Sayfa 771-819, 2000<\/td>\n<\/tr>\n<tr>\n<td>19<\/td>\n<td>\u00d6zel \u00c7a\u011flar, &#8220;T\u00fcrk \u00d6zel Hukukunda S\u00f6zle\u015fme D\u0131\u015f\u0131 Sorumluluk Olgular\u0131na Genel Bak\u0131\u015f&#8221;, Hacettepe \u00dcniversitesi \u0130ktisadi ve \u0130dari Bilimler Dergisi, Cilt , Bask\u0131 , Sayfa 415-432, 2000<\/td>\n<\/tr>\n<tr>\n<td>20<\/td>\n<td>\u00d6zel \u00c7a\u011flar, &#8220;Haks\u0131z Genel \u0130\u015flem Ko\u015fullar\u0131na Kar\u015f\u0131 T\u00fcketicinin Korunmas\u0131 Sorununa Bir Bak\u0131\u015f ve Almanya \u00d6rne\u011fi&#8221;, Banka ve Ticaret Hukuku Dergisi, Cilt , Bask\u0131 2, Sayfa 53-69, 1999<\/td>\n<\/tr>\n<tr>\n<td>21<\/td>\n<td>\u00d6zel \u00c7a\u011flar, &#8220;\u00dclkemizde Sigorta S\u00f6zle\u015fmelerinin Yorumu Sorunu&#8221;, Dicle \u00dcniversitesi Hukuk Fak\u00fcltesi Dergisi, Cilt 3, Bask\u0131 8, Sayfa 263-270, 1988<\/td>\n<\/tr>\n<\/tbody>\n<\/table>\n<\/td>\n<\/tr>\n<tr>\n<td><strong>E. Ulusal bilimsel toplant\u0131larda sunulan ve bildiri kitaplar\u0131nda bas\u0131lan bildiriler:<\/strong><\/td>\n<\/tr>\n<tr>\n<td>\n<table width=\"100%\">\n<tbody>\n<tr>\n<td width=\"5%\"><\/td>\n<td width=\"95%\"><strong>Yay\u0131n Bilgisi<\/strong><\/td>\n<\/tr>\n<tr>\n<td>1<\/td>\n<td>Cansel Erol; \u00d6zel \u00c7a\u011flar, &#8220;T\u00fcrk Bor\u00e7lar Hukukunda Ceza Ko\u015fulu&#8221;, Ceza Ko\u015fulu, Cilt 1, Bask\u0131 0, Sayfa 713-734, 2013<\/td>\n<\/tr>\n<tr>\n<td>2<\/td>\n<td>\u00d6zel \u00c7a\u011flar; B\u00fcy\u00fcktan\u0131r \u00d6zcan Burcu G.;\u00d6zel Fatma, &#8220;Elektrik Piyasalar\u0131nda Elektrik Sa\u011flama Ama\u00e7l\u0131 S\u00f6zle\u015fmeler&#8221;, Elektrik Sa\u011flama Ama\u00e7l\u0131 S\u00f6zle\u015fmeler, Cilt 0, Bask\u0131 0, Sayfa 2075-2126, 2013<\/td>\n<\/tr>\n<tr>\n<td>3<\/td>\n<td>G\u00fcrel Bet\u00fcl, \u00d6zel \u00c7a\u011flar, &#8220;Kamu \u00c7al\u0131\u015fanlar\u0131n\u0131n B\u00fcy\u00fck\u015fehir Belediye Hizmetlerinden Memnuniyeti: Ankara \u00d6rne\u011fi&#8221;, Hacettepe Hukuk Fak\u00fcltesi Dergisi, Cilt 3, Bask\u0131 1, Sayfa 65-74, 2013<\/td>\n<\/tr>\n<tr>\n<td>4<\/td>\n<td>Ozel Caglar, &#8220;T\u00fcrk Hukukunda Estetik Cerrah \u0130le Hasta Aras\u0131ndaki Hukuk\u00ee \u0130li\u015fkinin Niteli\u011fi&#8221;, Ankara Barosu Sa\u011fl\u0131k Kurultay\u0131 2, Cilt , Bask\u0131 , Sayfa 241-252, 2009<\/td>\n<\/tr>\n<tr>\n<td>5<\/td>\n<td>\u00d6zel \u00c7a\u011flar, Tatar Erol, &#8220;Aile Mahkemelerinin Yap\u0131s\u0131 ve Kararlar\u0131 \u00dczerine Genel Bir De\u011ferlendirme&#8221;, Sosyo Ekonomi, Cilt , Bask\u0131 7, Sayfa 49-87, 2008<\/td>\n<\/tr>\n<tr>\n<td>6<\/td>\n<td>\u00d6zel \u00c7a\u011flar, &#8220;Hukuksal A\u00e7\u0131dan T\u00fcketicinin Korunmas\u0131 ve T\u00fcketicinin Korunmas\u0131 Gereklili\u011fine \u0130li\u015fkin Bir De\u011ferlendirme&#8221;, Hacettepe \u00dcniversitesi \u0130ktisadi ve \u0130dari Bilimler Fak\u00fcltesi Dergisi, Cilt 26, Bask\u0131 1, Sayfa 287-289, 2008<\/td>\n<\/tr>\n<tr>\n<td>7<\/td>\n<td>\u00d6zel \u00c7a\u011flar, B\u00fcy\u00fcktan\u0131r Burcu G. \u00d6zcan, &#8220;Ak\u0131lc\u0131 \u0130la\u00e7 Kullan\u0131m\u0131nda Hekimin ve Eczac\u0131n\u0131n Hastay\u0131 Ayd\u0131nlatma Y\u00fck\u00fcml\u00fcl\u00fc\u011f\u00fc&#8221;, \u0130stanbul \u00dcniversitesi Hukuk Fak\u00fcltesi Mecmuas\u0131, Cilt 66, Bask\u0131 2, Sayfa 327-345, 2008<\/td>\n<\/tr>\n<tr>\n<td>8<\/td>\n<td>\u00d6zel \u00c7a\u011flar, \u00d6zcan Burcu G., &#8220;Ki\u015filik Haklar\u0131 &#8211; Hasta Haklar\u0131 Ba\u011flam\u0131nda T\u0131bbi M\u00fcdahale Dolay\u0131s\u0131yla \u00c7\u0131kan Hukuki \u0130li\u015fkide Hekimin Hastay\u0131 Ayd\u0131nlatma Y\u00fck\u00fcml\u00fcl\u00fc\u011f\u00fc ve Ayd\u0131nlat\u0131lm\u0131\u015f R\u0131zaya \u0130li\u015fkin Baz\u0131 De\u011ferlendirmeler&#8221;, Hacettepe Sa\u011fl\u0131k \u0130daresi Dergisi, Cilt 10, Bask\u0131 , Sayfa 49-73, 2007<\/td>\n<\/tr>\n<tr>\n<td>9<\/td>\n<td>\u00d6zel \u00c7a\u011flar, Leblebici Do\u011fan N., &#8220;Organizasyon Kusurundan Do\u011fan Zarar A\u00e7\u0131s\u0131ndan \u00d6zel Hastane ve Hekimlerin Sorumluluklar\u0131na K\u0131sa Bir Bak\u0131\u015f&#8221;, Hacettepe Sa\u011fl\u0131k \u0130daresi Dergisi, Cilt 10, Bask\u0131 2, Sayfa 177-200, 2007<\/td>\n<\/tr>\n<tr>\n<td>10<\/td>\n<td>\u00d6zel \u00c7a\u011flar, \u00d6zcan Burcu G., &#8220;\u0130\u015f S\u00f6zle\u015fmelerinde Cezai \u015eart Uygulamas\u0131&#8221;,&#8221;, Gazi \u00dcniversitesi Sosyal Bilimler Dergisi, Cilt 4, Bask\u0131 6, Sayfa 83-110, 2007<\/td>\n<\/tr>\n<tr>\n<td>11<\/td>\n<td>\u00d6zel \u00c7a\u011flar, &#8220;Genel \u0130\u015flem Ko\u015fullar\u0131 Meselesi ve Bor\u00e7lar Kanunu Tasar\u0131s\u0131n\u0131n Genel \u0130\u015flem Ko\u015fullar\u0131na Y\u00f6nelik Olarak Getirdikleri&#8221;, Sosyo Ekonomi, Cilt , Bask\u0131 1, Sayfa 153-166, 2006<\/td>\n<\/tr>\n<tr>\n<td>12<\/td>\n<td>\u00d6zel \u00c7a\u011flar, &#8220;\u0130\u015f Hukuku Uygulamas\u0131nda \u0130bra S\u00f6zle\u015fmeleri ve Yarg\u0131tay&#8217;\u0131n \u0130bra S\u00f6zle\u015fmelerine Bak\u0131\u015f\u0131&#8221;, \u00c7imento \u0130\u015fveren Dergisi, Cilt 19, Bask\u0131 4, Sayfa 1-15, 2005<\/td>\n<\/tr>\n<tr>\n<td>13<\/td>\n<td>\u00d6zel \u00c7a\u011flar, \u00d6zdemir Burhan, &#8220;BK md. 321 Gere\u011fince \u0130\u015f\u00e7inin \u00d6zen Borcunu \u00d6zenle \u0130fa Borcu ve \u0130\u015f\u00e7inin Borca Ayk\u0131r\u0131l\u0131ktan Do\u011fan Sorumlulu\u011funun Kapsam\u0131&#8221;, \u00c7a\u011f \u00dcniversitesi Sosyal Bilimler Dergisi, Cilt , Bask\u0131 , Sayfa 103-, 2004<\/td>\n<\/tr>\n<tr>\n<td>14<\/td>\n<td>\u00d6zel \u00c7a\u011flar, &#8220;Bireysel Emeklilik S\u00f6zle\u015fmelerinde Cayma (Geri Alma) Hakk\u0131&#8221;, \u00c7imento \u0130\u015fveren Dergisi, Cilt 13, Bask\u0131 4, Sayfa 4-19, 2004<\/td>\n<\/tr>\n<tr>\n<td>15<\/td>\n<td>\u00d6zel \u00c7a\u011flar, \u00d6ktem M. Kemal, Tatlarl\u0131 G\u00f6k\u00e7e\u00e7i\u00e7ek, &#8220;Kamu Y\u00f6netimi ve Hukuk Ekseninde E-Noterlik Olgusuna Bir Bak\u0131\u015f&#8221;, TNB Hukuk Dergisi, Cilt , Bask\u0131 , Sayfa 22-32, 2004<\/td>\n<\/tr>\n<tr>\n<td>16<\/td>\n<td>\u00d6zel \u00c7a\u011flar, &#8220;Medeni Hukuk A\u00e7\u0131s\u0131ndan \u00d6l\u00fcm An\u0131n\u0131n Belirlenmesi ve Ceset \u00dczerindeki Hakka \u0130li\u015fkin Baz\u0131 D\u00fc\u015f\u00fcnceler&#8221;, Ankara \u00dcniversitesi Hukuk Fak\u00fcltesi Dergisi, Cilt 51, Bask\u0131 , Sayfa 43-77, 2002<\/td>\n<\/tr>\n<tr>\n<td>17<\/td>\n<td>\u00d6zel \u00c7a\u011flar, &#8220;S\u00f6zle\u015fme D\u0131\u015f\u0131 Sorumlulukta Yans\u0131ma Zarar ve Giderimine \u0130li\u015fkin Baz\u0131 D\u00fc\u015f\u00fcnceler&#8221;, Ankara \u00dcniversitesi Hukuk Fak\u00fcltesi Dergisi, Cilt 50, Bask\u0131 4, Sayfa 81-106, 2001<\/td>\n<\/tr>\n<tr>\n<td>18<\/td>\n<td>\u00d6zel \u00c7a\u011flar, &#8220;T\u00fcketicinin Korunmas\u0131 A\u00e7\u0131s\u0131ndan Ay\u0131pl\u0131 Maldan Do\u011fan Sorumluluk Kapsam\u0131nda Yap\u0131mc\u0131n\u0131n Sorumlulu\u011fu Sorunu&#8221;, Prof. Dr. M. Kemal O\u011fuzman\u2019\u0131n An\u0131s\u0131na Arma\u011fan &#8211; ULAKBIM, Cilt , Bask\u0131 , Sayfa 771-819, 2000<\/td>\n<\/tr>\n<tr>\n<td>19<\/td>\n<td>\u00d6zel \u00c7a\u011flar, &#8220;T\u00fcrk \u00d6zel Hukukunda S\u00f6zle\u015fme D\u0131\u015f\u0131 Sorumluluk Olgular\u0131na Genel Bak\u0131\u015f&#8221;, Hacettepe \u00dcniversitesi \u0130ktisadi ve \u0130dari Bilimler Dergisi, Cilt , Bask\u0131 , Sayfa 415-432, 2000<\/td>\n<\/tr>\n<tr>\n<td>20<\/td>\n<td>\u00d6zel \u00c7a\u011flar, &#8220;Haks\u0131z Genel \u0130\u015flem Ko\u015fullar\u0131na Kar\u015f\u0131 T\u00fcketicinin Korunmas\u0131 Sorununa Bir Bak\u0131\u015f ve Almanya \u00d6rne\u011fi&#8221;, Banka ve Ticaret Hukuku Dergisi, Cilt , Bask\u0131 2, Sayfa 53-69, 1999<\/td>\n<\/tr>\n<tr>\n<td>21<\/td>\n<td>\u00d6zel \u00c7a\u011flar, &#8220;\u00dclkemizde Sigorta S\u00f6zle\u015fmelerinin Yorumu Sorunu&#8221;, Dicle \u00dcniversitesi Hukuk Fak\u00fcltesi Dergisi, Cilt 3, Bask\u0131 8, Sayfa 263-270, 1988<\/td>\n<\/tr>\n<\/tbody>\n<\/table>\n<\/td>\n<\/tr>\n<\/tbody>\n<\/table>\n","protected":false},"excerpt":{"rendered":"<p>Av. Arb. Prof. Dr. \u00c7a\u011flar \u00d6ZEL 1986 y\u0131l\u0131nda Dicle \u00dcniversitesi Hukuk Fak\u00fcltesi\u2019nden mezun olmu\u015f, 1987 y\u0131l\u0131nda Antalya Barosu\u2019nda avukatl\u0131k staj\u0131n\u0131 tamamlam\u0131\u015ft\u0131r. Dicle \u00dcniversitesi Hukuk Fak\u00fcltesi Medeni Hukuk K\u00fcrs\u00fcs\u00fcnde 1987 y\u0131l\u0131nda asistan olarak ba\u015flad\u0131\u011f\u0131 akademik hayat\u0131n\u0131 daha sonra Hacettepe \u00dcniversitesi \u0130ktisadi ve \u0130dari Bilimler Fak\u00fcltesi ve Hacettepe \u00dcniversitesi Hukuk Fak\u00fcltesi\u2019nde s\u00fcrd\u00fcrm\u00fc\u015ft\u00fcr. 2012-2016 y\u0131llar\u0131 aras\u0131nda Hacettepe \u00dcniversitesi&#8230;<\/p>\n","protected":false},"author":1,"featured_media":1153,"parent":0,"menu_order":0,"comment_status":"closed","ping_status":"closed","template":"","meta":{"_kad_post_transparent":"","_kad_post_title":"hide","_kad_post_layout":"","_kad_post_sidebar_id":"","_kad_post_content_style":"boxed","_kad_post_vertical_padding":"hide","_kad_post_feature":"show","_kad_post_feature_position":"behind","_kad_post_header":false,"_kad_post_footer":false,"_kad_post_classname":"","footnotes":""},"class_list":["post-722","page","type-page","status-publish","has-post-thumbnail","hentry"],"_links":{"self":[{"href":"https:\/\/ozelhukukburosu.com\/index.php?rest_route=\/wp\/v2\/pages\/722","targetHints":{"allow":["GET"]}}],"collection":[{"href":"https:\/\/ozelhukukburosu.com\/index.php?rest_route=\/wp\/v2\/pages"}],"about":[{"href":"https:\/\/ozelhukukburosu.com\/index.php?rest_route=\/wp\/v2\/types\/page"}],"author":[{"embeddable":true,"href":"https:\/\/ozelhukukburosu.com\/index.php?rest_route=\/wp\/v2\/users\/1"}],"replies":[{"embeddable":true,"href":"https:\/\/ozelhukukburosu.com\/index.php?rest_route=%2Fwp%2Fv2%2Fcomments&post=722"}],"version-history":[{"count":24,"href":"https:\/\/ozelhukukburosu.com\/index.php?rest_route=\/wp\/v2\/pages\/722\/revisions"}],"predecessor-version":[{"id":1999,"href":"https:\/\/ozelhukukburosu.com\/index.php?rest_route=\/wp\/v2\/pages\/722\/revisions\/1999"}],"wp:featuredmedia":[{"embeddable":true,"href":"https:\/\/ozelhukukburosu.com\/index.php?rest_route=\/wp\/v2\/media\/1153"}],"wp:attachment":[{"href":"https:\/\/ozelhukukburosu.com\/index.php?rest_route=%2Fwp%2Fv2%2Fmedia&parent=722"}],"curies":[{"name":"wp","href":"https:\/\/api.w.org\/{rel}","templated":true}]}}