{"id":35,"date":"2020-01-20T19:37:26","date_gmt":"2020-01-20T19:37:26","guid":{"rendered":"http:\/\/ozelhukukburosu.com\/?page_id=35"},"modified":"2023-07-17T14:04:23","modified_gmt":"2023-07-17T14:04:23","slug":"iletisim","status":"publish","type":"page","link":"https:\/\/ozelhukukburosu.com\/?page_id=35","title":{"rendered":"\u0130LET\u0130\u015e\u0130M"},"content":{"rendered":"\n<p><\/p>\n\n\n\n\n<div class=\"wp-block-kadence-column kadence-column_ddc72f-72\"><div class=\"kt-inside-inner-col\">\n<h2 class=\"kt-adv-heading_3a796a-ee wp-block-kadence-advancedheading has-theme-palette-3-color has-text-color\" data-kb-block=\"kb-adv-heading_3a796a-ee\">Bizimle ileti\u015fime ge\u00e7in.<\/h2>\n\n\n\n\n<div class=\"wp-block-kadence-column kadence-column_8fd016-96 kb-section-dir-vertical\"><div class=\"kt-inside-inner-col\">\n<div class=\"kt-adv-heading_e8de29-cf wp-block-kadence-advancedheading has-theme-palette-3-color has-text-color\" data-kb-block=\"kb-adv-heading_e8de29-cf\">info@ozelhukukburosu.com<\/div>\n\n\n\n<div class=\"kt-adv-heading_6d98a2-c2 wp-block-kadence-advancedheading has-theme-palette-3-color has-text-color\" data-kb-block=\"kb-adv-heading_6d98a2-c2\">0(312) 220 02 27<\/div>\n\n\n\n<p>0(530) 413 84 36<\/p>\n\n\n\n<div class=\"kt-adv-heading_2b6771-f8 wp-block-kadence-advancedheading has-theme-palette-3-color has-text-color\" data-kb-block=\"kb-adv-heading_2b6771-f8\">Mutlukent Mahallesi 2072. Sokak No: 17 \u00c7ankaya\/ANKARA<\/div>\n<\/div><\/div>\n\n\n\n<div class=\"wp-block-kadence-column kadence-column_f3b287-4a kb-section-dir-vertical\"><div class=\"kt-inside-inner-col\">\n<div class=\"kt-adv-heading_0bf355-70 wp-block-kadence-advancedheading has-theme-palette-3-color has-text-color\" data-kb-block=\"kb-adv-heading_0bf355-70\"><strong>\u00c7al\u0131\u015fma Saatlerimiz<\/strong><\/div>\n\n\n\n\n<div class=\"wp-block-kadence-column kadence-column_d23d9f-9f\"><div class=\"kt-inside-inner-col\">\n<div class=\"kt-adv-heading_fa04d4-08 wp-block-kadence-advancedheading has-theme-palette-3-color has-text-color\" data-kb-block=\"kb-adv-heading_fa04d4-08\">Pazartesi<br>Sal\u0131<br>\u00c7ar\u015famba<br>Per\u015fembe<br>Cuma<br>Cumartesi<br>Pazar<\/div>\n<\/div><\/div>\n\n\n\n<div class=\"wp-block-kadence-column kadence-column_4a6d95-7d\"><div class=\"kt-inside-inner-col\">\n<div class=\"kt-adv-heading_a1d803-9e wp-block-kadence-advancedheading has-theme-palette-3-color has-text-color\" data-kb-block=\"kb-adv-heading_a1d803-9e\">09.00-18.00<br>09.00-18.00<br>09.00-18.00<br>09.00-18.00<br>09.00-18.00<br>10.00-15.00<br>Kapal\u0131<\/div>\n<\/div><\/div>\n\n<\/div><\/div>\n\n<\/div><\/div>\n\n\n\n<div class=\"wp-block-kadence-column kadence-column_513776-68\"><div class=\"kt-inside-inner-col\"><\/div><\/div>\n\n","protected":false},"excerpt":{"rendered":"","protected":false},"author":1,"featured_media":1961,"parent":0,"menu_order":0,"comment_status":"closed","ping_status":"closed","template":"","meta":{"_kad_post_transparent":"default","_kad_post_title":"hide","_kad_post_layout":"","_kad_post_sidebar_id":"","_kad_post_content_style":"boxed","_kad_post_vertical_padding":"hide","_kad_post_feature":"show","_kad_post_feature_position":"behind","_kad_post_header":false,"_kad_post_footer":false,"_kad_post_classname":"","footnotes":""},"class_list":["post-35","page","type-page","status-publish","has-post-thumbnail","hentry"],"_links":{"self":[{"href":"https:\/\/ozelhukukburosu.com\/index.php?rest_route=\/wp\/v2\/pages\/35","targetHints":{"allow":["GET"]}}],"collection":[{"href":"https:\/\/ozelhukukburosu.com\/index.php?rest_route=\/wp\/v2\/pages"}],"about":[{"href":"https:\/\/ozelhukukburosu.com\/index.php?rest_route=\/wp\/v2\/types\/page"}],"author":[{"embeddable":true,"href":"https:\/\/ozelhukukburosu.com\/index.php?rest_route=\/wp\/v2\/users\/1"}],"replies":[{"embeddable":true,"href":"https:\/\/ozelhukukburosu.com\/index.php?rest_route=%2Fwp%2Fv2%2Fcomments&post=35"}],"version-history":[{"count":41,"href":"https:\/\/ozelhukukburosu.com\/index.php?rest_route=\/wp\/v2\/pages\/35\/revisions"}],"predecessor-version":[{"id":2009,"href":"https:\/\/ozelhukukburosu.com\/index.php?rest_route=\/wp\/v2\/pages\/35\/revisions\/2009"}],"wp:featuredmedia":[{"embeddable":true,"href":"https:\/\/ozelhukukburosu.com\/index.php?rest_route=\/wp\/v2\/media\/1961"}],"wp:attachment":[{"href":"https:\/\/ozelhukukburosu.com\/index.php?rest_route=%2Fwp%2Fv2%2Fmedia&parent=35"}],"curies":[{"name":"wp","href":"https:\/\/api.w.org\/{rel}","templated":true}]}}