{"id":1954,"date":"2023-07-04T12:45:10","date_gmt":"2023-07-04T12:45:10","guid":{"rendered":"https:\/\/ozelhukukburosu.com\/?page_id=1954"},"modified":"2023-07-05T18:25:40","modified_gmt":"2023-07-05T18:25:40","slug":"1954-2","status":"publish","type":"page","link":"https:\/\/ozelhukukburosu.com\/?page_id=1954","title":{"rendered":"HAKKIMIZDA"},"content":{"rendered":"\n<div class=\"wp-block-group my-justify-class\"><div class=\"wp-block-group__inner-container is-layout-constrained wp-block-group-is-layout-constrained\">\n<p class=\"my-justify-class\">\u00d6zel Hukuk B\u00fcrosu olarak en birincil amac\u0131m\u0131z haklar\u0131n savunulmas\u0131 ba\u011flam\u0131nda bireylerin ve t\u00fczel ki\u015filerin gereksinim duydu\u011fu her alanda yan\u0131nda olmak ve her t\u00fcrl\u00fc hukuki deste\u011fi sa\u011flamakt\u0131r. Bu \u00e7er\u00e7evede Hukuk B\u00fcromuzun merkezi olan Ba\u015fkent Ankara\u2019da oldu\u011fu gibi \u00f6zellikle \u0130stanbul, \u0130zmir, Antalya, Diyarbak\u0131r, Adana, Gaziantep, Urfa, Trabzon, Samsun, Rize, Mu\u011fla, Van ve Hakkari\u2019de; Lefko\u015fa, Girne, Magosa\u2019da,&nbsp; ayn\u0131 zamanda New York, Washington, Berlin, Dortmund, M\u00fcnih, Londra, Amsterdam ve Tahran\u2019da bulunan partner hukuk b\u00fcrolar\u0131m\u0131z ve \u00e7\u00f6z\u00fcm orta\u011f\u0131 avukat meslekta\u015flar\u0131m\u0131z arac\u0131l\u0131\u011f\u0131yla yurt i\u00e7inde ve yurt d\u0131\u015f\u0131nda hukuki ili\u015fkilerin d\u00fczenlenmesi, her t\u00fcrl\u00fc hukuki sorun ve uyu\u015fmazl\u0131klar\u0131n adalet ve hakkaniyete uygun olarak \u00e7\u00f6z\u00fcmlenmesi ve hukuk kurallar\u0131n\u0131n tam olarak uygulanmas\u0131n\u0131 her derecede yarg\u0131 organlar\u0131, hakemler, resmi ve \u00f6zel ki\u015fi, kurul ve kurumlar nezdinde ger\u00e7ekle\u015ftirme konular\u0131nda hukuki bilgi ve tecr\u00fcbelerimizi adalet hizmetine ve ki\u015filerin yararlanmas\u0131na \u00f6zg\u00fclemi\u015ftir. \u00d6zel Hukuk B\u00fcrosu olarak m\u00fcvekkillerimiz i\u00e7in odaklanm\u0131\u015f, ola\u011fan\u00fcst\u00fc profesyonel uzmanl\u0131k ve geni\u015f bir ileti\u015fim a\u011f\u0131 ile desteklenen verimli bir hizmet sunmak i\u00e7in s\u00fcrekli bir \u00e7aba g\u00f6steriyoruz.<\/p>\n\n\n\n<p class=\"my-justify-class\">M\u00fcvekkillerimizle olan ili\u015fkimizde g\u00f6sterdi\u011fimiz \u00f6zen y\u00fck\u00fcml\u00fcl\u00fc\u011f\u00fcm\u00fcz, hukuki tavsiye ve m\u00fctalaalarda ve ayr\u0131ca mahkemelerde temsil edilme s\u00fcrecinde de hep en \u00fcst derecede ger\u00e7ekle\u015fmektedir. Bunlarla beraber tahkim, arabuluculuk, uzla\u015fma gibi mahkeme d\u0131\u015f\u0131 alanlardaki tecr\u00fcbe, bilgi birikimi ve ba\u015far\u0131lar\u0131m\u0131z \u00f6zel bir \u00f6nem ta\u015f\u0131maktad\u0131r. Bu s\u00fcre\u00e7te hukuki problemlerin en uygun y\u00f6ntem ve ara\u00e7larla y\u00f6netilmesinin \u00f6tesinde problem \u00e7\u00f6z\u00fcm\u00fc temel odak noktam\u0131z olarak ortaya \u00e7\u0131kmaktad\u0131r.<\/p>\n\n\n\n<p class=\"my-justify-class\">Robert Bosch&#8217;un 1921 y\u0131l\u0131nda \u015f\u00f6yle demi\u015fti: &#8220;Immer habe ich nach dem Grundsatz gehandelt: Lieber Geld verlieren als Vertrauen. Die Unantastbarkeit meiner Versprechungen, der Glaube an den Wert meiner Ware und an mein Wort standen mir stets h\u00f6her als ein vor\u00fcbergehender Gewinn.&#8221; Bu s\u00f6z, T\u00fcrk\u00e7e\u2019ye \u015fu \u015fekilde \u00e7evrilebilir: &#8220;Her zaman \u015fu prensibe g\u00f6re hareket ettim: G\u00fcveni kaybetmektense para kaybetmeyi tercih ederim. S\u00f6ze ba\u011fl\u0131l\u0131\u011f\u0131m\u0131n dokunulmazl\u0131\u011f\u0131, mal\u0131m\u0131n de\u011ferine ve s\u00f6z\u00fcme olan inanc\u0131m, ge\u00e7ici bir kazan\u00e7tan her zaman daha y\u00fcksek \u00f6neme sahipti.&#8221; Biz de \u00d6zel Hukuk B\u00fcrosu olarak ayn\u0131 \u015fekilde d\u00fc\u015f\u00fcn\u00fcyor ve g\u00fcven ili\u015fkisinin m\u00fcvekkillerimizle aram\u0131zdaki ba\u011f\u0131n en \u00f6nemli unsurunu olu\u015fturdu\u011fu bilinciyle hareket ediyoruz. Bu \u00e7er\u00e7evede m\u00fcvekkillerimizin hukuki ili\u015fkileri gibi &nbsp;ki\u015fisel, ticari ya da di\u011fer her t\u00fcrl\u00fc veri ve bilgileri de \u00d6zel Hukuk B\u00fcrosunun her bir bireyi a\u00e7\u0131s\u0131ndan mesleki bir kutsall\u0131k olarak i\u00e7selle\u015ftirilmi\u015ftir.<\/p>\n\n\n\n<p class=\"my-justify-class\">A\u011f\u0131rl\u0131kl\u0131 olarak \u015eirketler ve Ticaret Hukuku, Enerji ve Maden Hukuku, Gayrimenkul Hukuku, Ceza Hukuku, \u0130n\u015faat Hukuku, Fikri M\u00fclkiyet Hukuku, Vatanda\u015fl\u0131k Hukuku, Aile Hukuku alan\u0131nda faaliyet g\u00f6steren \u00d6zel Hukuk B\u00fcrosu olarak \u00e7ok deneyimli profesyonel bir kadro, yayg\u0131n ve geli\u015fmi\u015f bir network, geni\u015f bir akademik altyap\u0131 ve g\u00fcncel teknolojik geli\u015fmeleri yak\u0131ndan izleyen donan\u0131m\u0131 ile ulusal ve uluslararas\u0131 alanda yan\u0131n\u0131zday\u0131z.<\/p>\n<\/div><\/div>\n","protected":false},"excerpt":{"rendered":"<p>\u00d6zel Hukuk B\u00fcrosu olarak en birincil amac\u0131m\u0131z haklar\u0131n savunulmas\u0131 ba\u011flam\u0131nda bireylerin ve t\u00fczel ki\u015filerin gereksinim duydu\u011fu her alanda yan\u0131nda olmak ve her t\u00fcrl\u00fc hukuki deste\u011fi sa\u011flamakt\u0131r. Bu \u00e7er\u00e7evede Hukuk B\u00fcromuzun merkezi olan Ba\u015fkent Ankara\u2019da oldu\u011fu gibi \u00f6zellikle \u0130stanbul, \u0130zmir, Antalya, Diyarbak\u0131r, Adana, Gaziantep, Urfa, Trabzon, Samsun, Rize, Mu\u011fla, Van ve Hakkari\u2019de; Lefko\u015fa, Girne, Magosa\u2019da,&nbsp; ayn\u0131&#8230;<\/p>\n","protected":false},"author":1,"featured_media":127,"parent":0,"menu_order":0,"comment_status":"closed","ping_status":"closed","template":"","meta":{"_kad_post_transparent":"","_kad_post_title":"hide","_kad_post_layout":"normal","_kad_post_sidebar_id":"","_kad_post_content_style":"boxed","_kad_post_vertical_padding":"hide","_kad_post_feature":"show","_kad_post_feature_position":"behind","_kad_post_header":false,"_kad_post_footer":false,"_kad_post_classname":"","footnotes":""},"class_list":["post-1954","page","type-page","status-publish","has-post-thumbnail","hentry"],"_links":{"self":[{"href":"https:\/\/ozelhukukburosu.com\/index.php?rest_route=\/wp\/v2\/pages\/1954","targetHints":{"allow":["GET"]}}],"collection":[{"href":"https:\/\/ozelhukukburosu.com\/index.php?rest_route=\/wp\/v2\/pages"}],"about":[{"href":"https:\/\/ozelhukukburosu.com\/index.php?rest_route=\/wp\/v2\/types\/page"}],"author":[{"embeddable":true,"href":"https:\/\/ozelhukukburosu.com\/index.php?rest_route=\/wp\/v2\/users\/1"}],"replies":[{"embeddable":true,"href":"https:\/\/ozelhukukburosu.com\/index.php?rest_route=%2Fwp%2Fv2%2Fcomments&post=1954"}],"version-history":[{"count":4,"href":"https:\/\/ozelhukukburosu.com\/index.php?rest_route=\/wp\/v2\/pages\/1954\/revisions"}],"predecessor-version":[{"id":1993,"href":"https:\/\/ozelhukukburosu.com\/index.php?rest_route=\/wp\/v2\/pages\/1954\/revisions\/1993"}],"wp:featuredmedia":[{"embeddable":true,"href":"https:\/\/ozelhukukburosu.com\/index.php?rest_route=\/wp\/v2\/media\/127"}],"wp:attachment":[{"href":"https:\/\/ozelhukukburosu.com\/index.php?rest_route=%2Fwp%2Fv2%2Fmedia&parent=1954"}],"curies":[{"name":"wp","href":"https:\/\/api.w.org\/{rel}","templated":true}]}}