{"id":1187,"date":"2021-01-29T09:17:06","date_gmt":"2021-01-29T09:17:06","guid":{"rendered":"http:\/\/ozelhukukburosu.com\/?page_id=1187"},"modified":"2023-07-05T18:45:08","modified_gmt":"2023-07-05T18:45:08","slug":"av-kaan-deviren","status":"publish","type":"page","link":"https:\/\/ozelhukukburosu.com\/?page_id=1187","title":{"rendered":"Av. Kaan DEV\u0130REN"},"content":{"rendered":"<h3><span style=\"font-size: 35px;\">Av. Kaan DEV\u0130REN<\/span><\/h3>\n<p><strong>E\u011fitim:<br \/>\n<\/strong>Ankara Hac\u0131 Bayram Veli \u00dcniversitesi Medeni Hukuk Y\u00fcksek Lisans\u0131(2023),<br \/>\nHacettepe \u00dcniversitesi Hukuk Fak\u00fcltesi(2014-2018),<br \/>\nMehmet Emin Resulzade Anadolu Lisesi(2010-2014).<\/p>\n<p><strong>\u0130\u015f Deneyimi:<br \/>\n<\/strong>\u00d6zel Hukuk B\u00fcrosu(2018-),<br \/>\nT\u00fcrk Trakt\u00f6r ve Ziraat Makineleri A.\u015e. (2017-2018).<\/p>\n<p><strong>Yay\u0131nlar\u0131:<br \/>\n<\/strong>Yapay Zek\u00e2n\u0131n Fiillerinden Sorumluluk, Prof. Dr. Haluk Burcuo\u011flu&#8217;na Arma\u011fan, s. 603 vd.<\/p>\n<p><strong>Yabanc\u0131 Dil:<br \/>\n<\/strong>\u0130ngilizce<\/p>\n","protected":false},"excerpt":{"rendered":"<p>Av. Kaan DEV\u0130REN E\u011fitim: Ankara Hac\u0131 Bayram Veli \u00dcniversitesi Medeni Hukuk Y\u00fcksek Lisans\u0131(2023), Hacettepe \u00dcniversitesi Hukuk Fak\u00fcltesi(2014-2018), Mehmet Emin Resulzade Anadolu Lisesi(2010-2014). \u0130\u015f Deneyimi: \u00d6zel Hukuk B\u00fcrosu(2018-), T\u00fcrk Trakt\u00f6r ve Ziraat Makineleri A.\u015e. (2017-2018). Yay\u0131nlar\u0131: Yapay Zek\u00e2n\u0131n Fiillerinden Sorumluluk, Prof. Dr. Haluk Burcuo\u011flu&#8217;na Arma\u011fan, s. 603 vd. Yabanc\u0131 Dil: \u0130ngilizce<\/p>\n","protected":false},"author":1,"featured_media":1190,"parent":0,"menu_order":0,"comment_status":"closed","ping_status":"closed","template":"","meta":{"_kad_post_transparent":"","_kad_post_title":"hide","_kad_post_layout":"","_kad_post_sidebar_id":"","_kad_post_content_style":"boxed","_kad_post_vertical_padding":"hide","_kad_post_feature":"show","_kad_post_feature_position":"behind","_kad_post_header":false,"_kad_post_footer":false,"_kad_post_classname":"","footnotes":""},"class_list":["post-1187","page","type-page","status-publish","has-post-thumbnail","hentry"],"_links":{"self":[{"href":"https:\/\/ozelhukukburosu.com\/index.php?rest_route=\/wp\/v2\/pages\/1187","targetHints":{"allow":["GET"]}}],"collection":[{"href":"https:\/\/ozelhukukburosu.com\/index.php?rest_route=\/wp\/v2\/pages"}],"about":[{"href":"https:\/\/ozelhukukburosu.com\/index.php?rest_route=\/wp\/v2\/types\/page"}],"author":[{"embeddable":true,"href":"https:\/\/ozelhukukburosu.com\/index.php?rest_route=\/wp\/v2\/users\/1"}],"replies":[{"embeddable":true,"href":"https:\/\/ozelhukukburosu.com\/index.php?rest_route=%2Fwp%2Fv2%2Fcomments&post=1187"}],"version-history":[{"count":9,"href":"https:\/\/ozelhukukburosu.com\/index.php?rest_route=\/wp\/v2\/pages\/1187\/revisions"}],"predecessor-version":[{"id":2005,"href":"https:\/\/ozelhukukburosu.com\/index.php?rest_route=\/wp\/v2\/pages\/1187\/revisions\/2005"}],"wp:featuredmedia":[{"embeddable":true,"href":"https:\/\/ozelhukukburosu.com\/index.php?rest_route=\/wp\/v2\/media\/1190"}],"wp:attachment":[{"href":"https:\/\/ozelhukukburosu.com\/index.php?rest_route=%2Fwp%2Fv2%2Fmedia&parent=1187"}],"curies":[{"name":"wp","href":"https:\/\/api.w.org\/{rel}","templated":true}]}}