{"id":1012,"date":"2020-04-12T12:02:24","date_gmt":"2020-04-12T12:02:24","guid":{"rendered":"http:\/\/ozelhukukburosu.com\/?page_id=1012"},"modified":"2023-07-04T13:05:23","modified_gmt":"2023-07-04T13:05:23","slug":"ekibimiz-6","status":"publish","type":"page","link":"https:\/\/ozelhukukburosu.com\/?page_id=1012","title":{"rendered":"EK\u0130B\u0130M\u0130Z"},"content":{"rendered":"\n<p><\/p>\n\n\n\n<div id=\"wp-block-themeisle-blocks-advanced-columns-d87d87fb\" class=\"wp-block-themeisle-blocks-advanced-columns alignfull has-1-columns has-desktop-equal-layout has-tablet-equal-layout has-mobile-collapsedRows-layout has-vertical-center ticss-c00aadba\"><div class=\"wp-block-themeisle-blocks-advanced-columns-overlay\"><\/div><div class=\"innerblocks-wrap\">\n<div id=\"wp-block-themeisle-blocks-advanced-column-60dad16e\" class=\"wp-block-themeisle-blocks-advanced-column\">\n<div id=\"wp-block-themeisle-blocks-advanced-columns-be71e345\" class=\"wp-block-themeisle-blocks-advanced-columns has-4-columns has-desktop-equal-layout has-tablet-twoColumnGrid-layout has-mobile-collapsedRows-layout has-vertical-top\"><div class=\"wp-block-themeisle-blocks-advanced-columns-overlay\"><\/div><div class=\"innerblocks-wrap\">\n<div id=\"wp-block-themeisle-blocks-advanced-column-e373838a\" class=\"wp-block-themeisle-blocks-advanced-column\">\n<figure class=\"wp-block-image size-large is-style-rounded\"><img loading=\"lazy\" decoding=\"async\" width=\"683\" height=\"1024\" src=\"https:\/\/ozelhukukburosu.com\/wp-content\/uploads\/2021\/01\/PI105384-WEB-683x1024.jpg\" alt=\"\" class=\"wp-image-1136\" srcset=\"https:\/\/ozelhukukburosu.com\/wp-content\/uploads\/2021\/01\/PI105384-WEB-683x1024.jpg 683w, https:\/\/ozelhukukburosu.com\/wp-content\/uploads\/2021\/01\/PI105384-WEB-200x300.jpg 200w, https:\/\/ozelhukukburosu.com\/wp-content\/uploads\/2021\/01\/PI105384-WEB-768x1152.jpg 768w, https:\/\/ozelhukukburosu.com\/wp-content\/uploads\/2021\/01\/PI105384-WEB.jpg 800w\" sizes=\"auto, (max-width: 683px) 100vw, 683px\" \/><\/figure>\n\n\n\n<h3 id=\"wp-block-themeisle-blocks-advanced-heading-a0f377e3\" class=\"wp-block-themeisle-blocks-advanced-heading wp-block-themeisle-blocks-advanced-heading-a0f377e3\"><a href=\"https:\/\/ozelhukukburosu.com\/?page_id=722\">Prof. Dr. \u00c7a\u011flar \u00d6zel<\/a><\/h3>\n\n\n\n<p id=\"wp-block-themeisle-blocks-advanced-heading-22009bd8\" class=\"wp-block-themeisle-blocks-advanced-heading wp-block-themeisle-blocks-advanced-heading-22009bd8\"><strong>Avukat-Arabulucu<\/strong><\/p>\n<\/div>\n\n\n\n<div id=\"wp-block-themeisle-blocks-advanced-column-956fcf84\" class=\"wp-block-themeisle-blocks-advanced-column\">\n<figure class=\"wp-block-image size-large is-style-rounded\"><img loading=\"lazy\" decoding=\"async\" width=\"683\" height=\"1024\" src=\"https:\/\/ozelhukukburosu.com\/wp-content\/uploads\/2021\/01\/PI105389-683x1024.jpg\" alt=\"\" class=\"wp-image-1135\" srcset=\"https:\/\/ozelhukukburosu.com\/wp-content\/uploads\/2021\/01\/PI105389-683x1024.jpg 683w, https:\/\/ozelhukukburosu.com\/wp-content\/uploads\/2021\/01\/PI105389-200x300.jpg 200w, https:\/\/ozelhukukburosu.com\/wp-content\/uploads\/2021\/01\/PI105389-768x1152.jpg 768w, https:\/\/ozelhukukburosu.com\/wp-content\/uploads\/2021\/01\/PI105389.jpg 800w\" sizes=\"auto, (max-width: 683px) 100vw, 683px\" \/><\/figure>\n\n\n\n<h3 id=\"wp-block-themeisle-blocks-advanced-heading-16fc6df3\" class=\"wp-block-themeisle-blocks-advanced-heading wp-block-themeisle-blocks-advanced-heading-16fc6df3\"><a href=\"https:\/\/ozelhukukburosu.com\/?page_id=726\">Av. Fatma \u00d6zel<\/a><\/h3>\n\n\n\n<p id=\"wp-block-themeisle-blocks-advanced-heading-1c8a5fcf\" class=\"wp-block-themeisle-blocks-advanced-heading wp-block-themeisle-blocks-advanced-heading-1c8a5fcf\"><strong>Avukat-arabulucu<\/strong><\/p>\n<\/div>\n\n\n\n<div id=\"wp-block-themeisle-blocks-advanced-column-7e32a82b\" class=\"wp-block-themeisle-blocks-advanced-column\">\n<figure class=\"wp-block-image size-large is-style-rounded\"><img loading=\"lazy\" decoding=\"async\" width=\"683\" height=\"1024\" src=\"https:\/\/ozelhukukburosu.com\/wp-content\/uploads\/2021\/01\/PI105401-WEB-683x1024.jpg\" alt=\"\" class=\"wp-image-1137\" srcset=\"https:\/\/ozelhukukburosu.com\/wp-content\/uploads\/2021\/01\/PI105401-WEB-683x1024.jpg 683w, https:\/\/ozelhukukburosu.com\/wp-content\/uploads\/2021\/01\/PI105401-WEB-200x300.jpg 200w, https:\/\/ozelhukukburosu.com\/wp-content\/uploads\/2021\/01\/PI105401-WEB-768x1152.jpg 768w, https:\/\/ozelhukukburosu.com\/wp-content\/uploads\/2021\/01\/PI105401-WEB.jpg 800w\" sizes=\"auto, (max-width: 683px) 100vw, 683px\" \/><\/figure>\n\n\n\n<h3 id=\"wp-block-themeisle-blocks-advanced-heading-5cdd08a0\" class=\"wp-block-themeisle-blocks-advanced-heading wp-block-themeisle-blocks-advanced-heading-5cdd08a0\"><a href=\"https:\/\/ozelhukukburosu.com\/?page_id=724\">Av. Ramazan \u00d6zkepir<\/a><\/h3>\n\n\n\n<p id=\"wp-block-themeisle-blocks-advanced-heading-a4688a0d\" class=\"wp-block-themeisle-blocks-advanced-heading wp-block-themeisle-blocks-advanced-heading-a4688a0d\"><strong>Avukat<\/strong><\/p>\n<\/div>\n\n\n\n<div id=\"wp-block-themeisle-blocks-advanced-column-47c7b5bd\" class=\"wp-block-themeisle-blocks-advanced-column\">\n<figure class=\"wp-block-image size-large is-style-rounded\"><img loading=\"lazy\" decoding=\"async\" width=\"683\" height=\"1024\" src=\"https:\/\/ozelhukukburosu.com\/wp-content\/uploads\/2021\/01\/PI105396-WEB-683x1024.jpg\" alt=\"\" class=\"wp-image-1139\" srcset=\"https:\/\/ozelhukukburosu.com\/wp-content\/uploads\/2021\/01\/PI105396-WEB-683x1024.jpg 683w, https:\/\/ozelhukukburosu.com\/wp-content\/uploads\/2021\/01\/PI105396-WEB-200x300.jpg 200w, https:\/\/ozelhukukburosu.com\/wp-content\/uploads\/2021\/01\/PI105396-WEB-768x1152.jpg 768w, https:\/\/ozelhukukburosu.com\/wp-content\/uploads\/2021\/01\/PI105396-WEB.jpg 800w\" sizes=\"auto, (max-width: 683px) 100vw, 683px\" \/><\/figure>\n\n\n\n<h3 id=\"wp-block-themeisle-blocks-advanced-heading-d67c0dbf\" class=\"wp-block-themeisle-blocks-advanced-heading wp-block-themeisle-blocks-advanced-heading-d67c0dbf\"><a href=\"https:\/\/ozelhukukburosu.com\/?page_id=1187\">Av. Kaan Deviren<\/a><\/h3>\n\n\n\n<p id=\"wp-block-themeisle-blocks-advanced-heading-ab27dee0\" class=\"wp-block-themeisle-blocks-advanced-heading wp-block-themeisle-blocks-advanced-heading-ab27dee0\"><strong>Avukat<\/strong><\/p>\n<\/div>\n<\/div><\/div>\n<\/div>\n<\/div><\/div>\n\n\n\n<div id=\"wp-block-themeisle-blocks-advanced-columns-3be03fea\" class=\"wp-block-themeisle-blocks-advanced-columns alignfull has-1-columns has-desktop-equal-layout has-tablet-equal-layout has-mobile-collapsedRows-layout has-vertical-center ticss-c00aadba\"><div class=\"wp-block-themeisle-blocks-advanced-columns-overlay\"><\/div><div class=\"innerblocks-wrap\">\n<div id=\"wp-block-themeisle-blocks-advanced-column-fbd84552\" class=\"wp-block-themeisle-blocks-advanced-column\">\n<div id=\"wp-block-themeisle-blocks-advanced-columns-f8fbc5d6\" class=\"wp-block-themeisle-blocks-advanced-columns has-4-columns has-desktop-equal-layout has-tablet-twoColumnGrid-layout has-mobile-collapsedRows-layout has-vertical-top\"><div class=\"wp-block-themeisle-blocks-advanced-columns-overlay\"><\/div><div class=\"innerblocks-wrap\">\n<div id=\"wp-block-themeisle-blocks-advanced-column-206d57c9\" class=\"wp-block-themeisle-blocks-advanced-column\">\n<figure class=\"wp-block-image size-large is-style-rounded\"><img loading=\"lazy\" decoding=\"async\" width=\"683\" height=\"1024\" src=\"https:\/\/ozelhukukburosu.com\/wp-content\/uploads\/2021\/01\/PI105394-683x1024.jpg\" alt=\"\" class=\"wp-image-1138\" srcset=\"https:\/\/ozelhukukburosu.com\/wp-content\/uploads\/2021\/01\/PI105394-683x1024.jpg 683w, https:\/\/ozelhukukburosu.com\/wp-content\/uploads\/2021\/01\/PI105394-200x300.jpg 200w, https:\/\/ozelhukukburosu.com\/wp-content\/uploads\/2021\/01\/PI105394-768x1152.jpg 768w, https:\/\/ozelhukukburosu.com\/wp-content\/uploads\/2021\/01\/PI105394.jpg 800w\" sizes=\"auto, (max-width: 683px) 100vw, 683px\" \/><\/figure>\n\n\n\n<h3 id=\"wp-block-themeisle-blocks-advanced-heading-3286100e\" class=\"wp-block-themeisle-blocks-advanced-heading wp-block-themeisle-blocks-advanced-heading-3286100e\"><a href=\"https:\/\/ozelhukukburosu.com\/?page_id=728\">Av. Enes Kalem<\/a><\/h3>\n\n\n\n<p id=\"wp-block-themeisle-blocks-advanced-heading-c91a71c5\" class=\"wp-block-themeisle-blocks-advanced-heading wp-block-themeisle-blocks-advanced-heading-c91a71c5\"><strong>Avukat<\/strong><\/p>\n<\/div>\n\n\n\n<div id=\"wp-block-themeisle-blocks-advanced-column-8d0630f2\" class=\"wp-block-themeisle-blocks-advanced-column\">\n<figure class=\"wp-block-image size-large is-style-rounded\"><img loading=\"lazy\" decoding=\"async\" width=\"683\" height=\"1024\" src=\"https:\/\/ozelhukukburosu.com\/wp-content\/uploads\/2021\/01\/PI105400-683x1024.jpg\" alt=\"\" class=\"wp-image-1141\" srcset=\"https:\/\/ozelhukukburosu.com\/wp-content\/uploads\/2021\/01\/PI105400-683x1024.jpg 683w, https:\/\/ozelhukukburosu.com\/wp-content\/uploads\/2021\/01\/PI105400-200x300.jpg 200w, https:\/\/ozelhukukburosu.com\/wp-content\/uploads\/2021\/01\/PI105400-768x1152.jpg 768w, https:\/\/ozelhukukburosu.com\/wp-content\/uploads\/2021\/01\/PI105400.jpg 800w\" sizes=\"auto, (max-width: 683px) 100vw, 683px\" \/><\/figure>\n\n\n\n<h3 id=\"wp-block-themeisle-blocks-advanced-heading-a490f26c\" class=\"wp-block-themeisle-blocks-advanced-heading wp-block-themeisle-blocks-advanced-heading-a490f26c\">Av. Ongun \u00d6zel<\/h3>\n\n\n\n<p id=\"wp-block-themeisle-blocks-advanced-heading-83706da7\" class=\"wp-block-themeisle-blocks-advanced-heading wp-block-themeisle-blocks-advanced-heading-83706da7\"><strong>Avukat<\/strong><\/p>\n<\/div>\n\n\n\n<div id=\"wp-block-themeisle-blocks-advanced-column-efbe3e45\" class=\"wp-block-themeisle-blocks-advanced-column\">\n<h3 id=\"wp-block-themeisle-blocks-advanced-heading-d3112044\" class=\"wp-block-themeisle-blocks-advanced-heading wp-block-themeisle-blocks-advanced-heading-d3112044\"><\/h3>\n\n\n\n<p id=\"wp-block-themeisle-blocks-advanced-heading-5ae5274a\" class=\"wp-block-themeisle-blocks-advanced-heading wp-block-themeisle-blocks-advanced-heading-5ae5274a\"><\/p>\n<\/div>\n\n\n\n<div id=\"wp-block-themeisle-blocks-advanced-column-859bf589\" class=\"wp-block-themeisle-blocks-advanced-column\">\n<h3 id=\"wp-block-themeisle-blocks-advanced-heading-c1b8b9ed\" class=\"wp-block-themeisle-blocks-advanced-heading wp-block-themeisle-blocks-advanced-heading-c1b8b9ed\"><\/h3>\n\n\n\n<p id=\"wp-block-themeisle-blocks-advanced-heading-b6237999\" class=\"wp-block-themeisle-blocks-advanced-heading wp-block-themeisle-blocks-advanced-heading-b6237999\"><\/p>\n<\/div>\n<\/div><\/div>\n<\/div>\n<\/div><\/div>\n","protected":false},"excerpt":{"rendered":"","protected":false},"author":1,"featured_media":1143,"parent":0,"menu_order":0,"comment_status":"closed","ping_status":"closed","template":"","meta":{"_kad_post_transparent":"","_kad_post_title":"hide","_kad_post_layout":"normal","_kad_post_sidebar_id":"","_kad_post_content_style":"boxed","_kad_post_vertical_padding":"hide","_kad_post_feature":"show","_kad_post_feature_position":"behind","_kad_post_header":false,"_kad_post_footer":false,"_kad_post_classname":"","footnotes":""},"class_list":["post-1012","page","type-page","status-publish","has-post-thumbnail","hentry"],"_links":{"self":[{"href":"https:\/\/ozelhukukburosu.com\/index.php?rest_route=\/wp\/v2\/pages\/1012","targetHints":{"allow":["GET"]}}],"collection":[{"href":"https:\/\/ozelhukukburosu.com\/index.php?rest_route=\/wp\/v2\/pages"}],"about":[{"href":"https:\/\/ozelhukukburosu.com\/index.php?rest_route=\/wp\/v2\/types\/page"}],"author":[{"embeddable":true,"href":"https:\/\/ozelhukukburosu.com\/index.php?rest_route=\/wp\/v2\/users\/1"}],"replies":[{"embeddable":true,"href":"https:\/\/ozelhukukburosu.com\/index.php?rest_route=%2Fwp%2Fv2%2Fcomments&post=1012"}],"version-history":[{"count":39,"href":"https:\/\/ozelhukukburosu.com\/index.php?rest_route=\/wp\/v2\/pages\/1012\/revisions"}],"predecessor-version":[{"id":1964,"href":"https:\/\/ozelhukukburosu.com\/index.php?rest_route=\/wp\/v2\/pages\/1012\/revisions\/1964"}],"wp:featuredmedia":[{"embeddable":true,"href":"https:\/\/ozelhukukburosu.com\/index.php?rest_route=\/wp\/v2\/media\/1143"}],"wp:attachment":[{"href":"https:\/\/ozelhukukburosu.com\/index.php?rest_route=%2Fwp%2Fv2%2Fmedia&parent=1012"}],"curies":[{"name":"wp","href":"https:\/\/api.w.org\/{rel}","templated":true}]}}